{"id":2190,"date":"2022-04-22T15:32:33","date_gmt":"2022-04-22T07:32:33","guid":{"rendered":"http:\/\/fayshing.com\/index.php\/product\/fayshing-makeup-case-hardware-accessories-sliver-plastic-pull-handles-fs-2026\/"},"modified":"2025-06-13T16:23:14","modified_gmt":"2025-06-13T08:23:14","slug":"fayshing-makeup-case-hardware-accessories-sliver-plastic-pull-handles-fs-2026","status":"publish","type":"product","link":"https:\/\/fayshing.com\/de-de\/product\/fayshing-makeup-case-hardware-accessories-sliver-plastic-pull-handles-fs-2026\/","title":{"rendered":"153mm Aktenkoffer-Drehgriff mit Chrombeschl\u00e4gen FS2026"},"content":{"rendered":"<p><strong>Fayshing Schminkkoffer Hardware-Zubeh\u00f6r Sliver Kunststoff Pull Griffe FS-2026<\/strong><\/p>\n<p>Breite Anwendung: Weit verbreitet in verschiedenen Arten von Make-up-K\u00e4sten, Aluminium- und Holzkisten usw.<\/p>\n<hr \/>\n<p><strong>Beschreibung :<\/strong><\/p>\n<ul>\n<li>Die Griffe bestehen aus Kunststoff, sind stark korrosionsbest\u00e4ndig, langlebig, wasserdicht und leicht.<\/li>\n<li>Diese Griffe sind perfekt f\u00fcr Ihre Make-up-Boxen, Aluminium-Boxen und Holzkisten.Genie\u00dfen Sie den Spa\u00df mit DIY zu aktualisieren Sie Ihre F\u00e4lle neu und modern aussehen.<\/li>\n<\/ul>\n<hr \/>\n<p><strong>Notiz :<\/strong><\/p>\n<ul>\n<li>Aufgrund manueller Messung ist eine Abweichung von 1\u20132\u00a0mm m\u00f6glich.<\/li>\n<li>?Bitte kontaktieren Sie uns, \u00fcberpr\u00fcfen Sie unsere Produktgr\u00f6\u00dfe sorgf\u00e4ltig und lesen Sie die Produktgr\u00f6\u00dfenbeschreibungen vor dem Kauf, um m\u00f6glicherweise unangenehme Einkaufserlebnisse zu vermeiden.<\/li>\n<\/ul>","protected":false},"excerpt":{"rendered":"<ul>\n<li>Aktenkoffer-Drehgriff mit Chrombeschl\u00e4gen<\/li>\n<li>FS2026<\/li>\n<li>153 \u00d7 53 mm<\/li>\n<li>Plastik<\/li>\n<li>Schwarz + Chrom<\/li>\n<\/ul>","protected":false},"featured_media":2212,"comment_status":"open","ping_status":"closed","template":"","meta":{"_acf_changed":false},"product_brand":[],"product_cat":[108,123],"product_tag":[],"class_list":{"0":"post-2190","1":"product","2":"type-product","3":"status-publish","4":"has-post-thumbnail","6":"product_cat-handles","7":"product_cat-briefcase-handles","8":"pa_material-plastic","9":"pa_surface-treatment-chrome","10":"description-off","12":"first","13":"instock","14":"shipping-taxable","15":"product-type-simple"},"acf":[],"_links":{"self":[{"href":"https:\/\/fayshing.com\/de-de\/wp-json\/wp\/v2\/product\/2190","targetHints":{"allow":["GET"]}}],"collection":[{"href":"https:\/\/fayshing.com\/de-de\/wp-json\/wp\/v2\/product"}],"about":[{"href":"https:\/\/fayshing.com\/de-de\/wp-json\/wp\/v2\/types\/product"}],"replies":[{"embeddable":true,"href":"https:\/\/fayshing.com\/de-de\/wp-json\/wp\/v2\/comments?post=2190"}],"wp:featuredmedia":[{"embeddable":true,"href":"https:\/\/fayshing.com\/de-de\/wp-json\/wp\/v2\/media\/2212"}],"wp:attachment":[{"href":"https:\/\/fayshing.com\/de-de\/wp-json\/wp\/v2\/media?parent=2190"}],"wp:term":[{"taxonomy":"product_brand","embeddable":true,"href":"https:\/\/fayshing.com\/de-de\/wp-json\/wp\/v2\/product_brand?post=2190"},{"taxonomy":"product_cat","embeddable":true,"href":"https:\/\/fayshing.com\/de-de\/wp-json\/wp\/v2\/product_cat?post=2190"},{"taxonomy":"product_tag","embeddable":true,"href":"https:\/\/fayshing.com\/de-de\/wp-json\/wp\/v2\/product_tag?post=2190"}],"curies":[{"name":"wp","href":"https:\/\/api.w.org\/{rel}","templated":true}]}}