{"id":2185,"date":"2022-04-22T15:32:33","date_gmt":"2022-04-22T07:32:33","guid":{"rendered":"http:\/\/fayshing.com\/index.php\/product\/fayshing-hot-sell-large-plastic-handle-fs-2024\/"},"modified":"2025-01-14T11:08:13","modified_gmt":"2025-01-14T03:08:13","slug":"fayshing-hot-sell-large-plastic-handle-fs-2024","status":"publish","type":"product","link":"https:\/\/fayshing.com\/de-de\/product\/fayshing-hot-sell-large-plastic-handle-fs-2024\/","title":{"rendered":"Fayshing Hot Sell Gro\u00dfer Kunststoffgriff FS-2024"},"content":{"rendered":"<p><strong>Fayshing Hot Sell Kunststoffgriff<\/strong><\/p>\n<p>Breite Anwendung: Weit verbreitet in verschiedenen Arten von Make-up-K\u00e4sten, Aluminium- und Holzkisten usw.<\/p>\n<hr \/>\n<p><strong>Beschreibung :<\/strong><\/p>\n<ul>\n<li>Die Griffe bestehen aus Kunststoff, sind stark korrosionsbest\u00e4ndig, langlebig, wasserdicht und leicht.<\/li>\n<li>Diese Griffe sind perfekt f\u00fcr Ihre Make-up-Boxen, Aluminiumboxen und Holzboxen. Genie\u00dfen Sie den Spa\u00df beim Selbermachen, um Ihren Koffern ein neues und modernes Aussehen zu verleihen.<\/li>\n<\/ul>\n<hr \/>\n<p><strong>Notiz :<\/strong><\/p>\n<ul>\n<li>Aufgrund manueller Messung ist eine Abweichung von 1\u20132\u00a0mm m\u00f6glich.<\/li>\n<li>Bitte kontaktieren Sie uns, \u00fcberpr\u00fcfen Sie unsere Produktgr\u00f6\u00dfe sorgf\u00e4ltig und lesen Sie die Produktgr\u00f6\u00dfenbeschreibungen vor dem Kauf, um m\u00f6glicherweise unangenehme Einkaufserlebnisse zu vermeiden.<\/li>\n<\/ul>","protected":false},"excerpt":{"rendered":"<p>Tragegriff aus Kunststoff, ideal zum Einpassen in Kleinkoffer wie beispielsweise Kosmetikkoffer, Alukoffer und Holzkoffer.<\/p>","protected":false},"featured_media":2219,"comment_status":"open","ping_status":"closed","template":"","meta":{"_acf_changed":false},"product_brand":[],"product_cat":[108],"product_tag":[],"class_list":{"0":"post-2185","1":"product","2":"type-product","3":"status-publish","4":"has-post-thumbnail","6":"product_cat-handles","7":"description-off","9":"first","10":"instock","11":"shipping-taxable","12":"product-type-simple"},"acf":[],"_links":{"self":[{"href":"https:\/\/fayshing.com\/de-de\/wp-json\/wp\/v2\/product\/2185","targetHints":{"allow":["GET"]}}],"collection":[{"href":"https:\/\/fayshing.com\/de-de\/wp-json\/wp\/v2\/product"}],"about":[{"href":"https:\/\/fayshing.com\/de-de\/wp-json\/wp\/v2\/types\/product"}],"replies":[{"embeddable":true,"href":"https:\/\/fayshing.com\/de-de\/wp-json\/wp\/v2\/comments?post=2185"}],"wp:featuredmedia":[{"embeddable":true,"href":"https:\/\/fayshing.com\/de-de\/wp-json\/wp\/v2\/media\/2219"}],"wp:attachment":[{"href":"https:\/\/fayshing.com\/de-de\/wp-json\/wp\/v2\/media?parent=2185"}],"wp:term":[{"taxonomy":"product_brand","embeddable":true,"href":"https:\/\/fayshing.com\/de-de\/wp-json\/wp\/v2\/product_brand?post=2185"},{"taxonomy":"product_cat","embeddable":true,"href":"https:\/\/fayshing.com\/de-de\/wp-json\/wp\/v2\/product_cat?post=2185"},{"taxonomy":"product_tag","embeddable":true,"href":"https:\/\/fayshing.com\/de-de\/wp-json\/wp\/v2\/product_tag?post=2185"}],"curies":[{"name":"wp","href":"https:\/\/api.w.org\/{rel}","templated":true}]}}