{"id":2181,"date":"2022-04-22T15:32:32","date_gmt":"2022-04-22T07:32:32","guid":{"rendered":"http:\/\/fayshing.com\/index.php\/product\/fayshing-plastic-gift-box-handle-fs-2020\/"},"modified":"2025-06-18T15:14:47","modified_gmt":"2025-06-18T07:14:47","slug":"fayshing-plastic-gift-box-handle-fs-2020","status":"publish","type":"product","link":"https:\/\/fayshing.com\/de-de\/product\/fayshing-plastic-gift-box-handle-fs-2020\/","title":{"rendered":"180mm Chrom Aufputz-Rohrgriff FS-2020"},"content":{"rendered":"<p><strong>Fayshing Kunststoff-Geschenkbox Griff FS-2020<\/strong><\/p>\n<ul>\n<li>Chrom Aufputz-Rohrgriff<\/li>\n<li>FS-2020<\/li>\n<li>Plastik<\/li>\n<li>180 \u00d7 55 mm<\/li>\n<li>Chrom<\/li>\n<\/ul>\n<p>Breite Anwendung: Weit verbreitet in verschiedenen Arten von Make-up-K\u00e4sten, Aluminium- und Holzkisten usw.<\/p>\n<hr \/>\n<p><strong>Beschreibung :<\/strong><\/p>\n<ul>\n<li>Die Griffe bestehen aus Kunststoff, sind stark korrosionsbest\u00e4ndig, langlebig, wasserdicht und leicht.<\/li>\n<li>Diese Griffe sind perfekt f\u00fcr Ihre Make-up-Boxen, Aluminiumboxen und Holzboxen. Genie\u00dfen Sie den Spa\u00df beim Selbermachen, um Ihren Koffern ein neues und modernes Aussehen zu verleihen.<\/li>\n<\/ul>\n<hr \/>\n<p><strong>Notiz :<\/strong><\/p>\n<ul>\n<li>Aufgrund manueller Messung ist eine Abweichung von 1\u20132\u00a0mm m\u00f6glich.<\/li>\n<li>Bitte kontaktieren Sie uns, \u00fcberpr\u00fcfen Sie unsere Produktgr\u00f6\u00dfe sorgf\u00e4ltig und lesen Sie die Produktgr\u00f6\u00dfenbeschreibungen vor dem Kauf, um m\u00f6glicherweise unangenehme Einkaufserlebnisse zu vermeiden.<\/li>\n<\/ul>","protected":false},"excerpt":{"rendered":"<ul>\n<li>Chrom Aufputz-Rohrgriff<\/li>\n<li>FS-2020<\/li>\n<li>Plastik<\/li>\n<li>180 \u00d7 55 mm<\/li>\n<li>Chrom<\/li>\n<\/ul>","protected":false},"featured_media":6369,"comment_status":"open","ping_status":"closed","template":"","meta":{"_acf_changed":false},"product_brand":[],"product_cat":[108],"product_tag":[],"class_list":{"0":"post-2181","1":"product","2":"type-product","3":"status-publish","4":"has-post-thumbnail","6":"product_cat-handles","7":"description-off","9":"first","10":"instock","11":"shipping-taxable","12":"product-type-simple"},"acf":[],"_links":{"self":[{"href":"https:\/\/fayshing.com\/de-de\/wp-json\/wp\/v2\/product\/2181","targetHints":{"allow":["GET"]}}],"collection":[{"href":"https:\/\/fayshing.com\/de-de\/wp-json\/wp\/v2\/product"}],"about":[{"href":"https:\/\/fayshing.com\/de-de\/wp-json\/wp\/v2\/types\/product"}],"replies":[{"embeddable":true,"href":"https:\/\/fayshing.com\/de-de\/wp-json\/wp\/v2\/comments?post=2181"}],"wp:featuredmedia":[{"embeddable":true,"href":"https:\/\/fayshing.com\/de-de\/wp-json\/wp\/v2\/media\/6369"}],"wp:attachment":[{"href":"https:\/\/fayshing.com\/de-de\/wp-json\/wp\/v2\/media?parent=2181"}],"wp:term":[{"taxonomy":"product_brand","embeddable":true,"href":"https:\/\/fayshing.com\/de-de\/wp-json\/wp\/v2\/product_brand?post=2181"},{"taxonomy":"product_cat","embeddable":true,"href":"https:\/\/fayshing.com\/de-de\/wp-json\/wp\/v2\/product_cat?post=2181"},{"taxonomy":"product_tag","embeddable":true,"href":"https:\/\/fayshing.com\/de-de\/wp-json\/wp\/v2\/product_tag?post=2181"}],"curies":[{"name":"wp","href":"https:\/\/api.w.org\/{rel}","templated":true}]}}