{"id":2080,"date":"2022-04-19T16:35:34","date_gmt":"2022-04-19T08:35:34","guid":{"rendered":"http:\/\/fayshing.com\/index.php\/product\/fayshing-flight-case-large-toolbox-handle-metal-handle-fs-2066\/"},"modified":"2025-06-06T16:04:29","modified_gmt":"2025-06-06T08:04:29","slug":"fayshing-flight-case-large-toolbox-handle-metal-handle-fs-2066","status":"publish","type":"product","link":"https:\/\/fayshing.com\/de-de\/product\/fayshing-flight-case-large-toolbox-handle-metal-handle-fs-2066\/","title":{"rendered":"Fayshing Metallgriff f\u00fcr Gro\u00dfe Werkzeugkiste im Flightcase FS-2066"},"content":{"rendered":"<p><strong>Flight Case Gro\u00dfer Werkzeugkasten Griff Metallgriff<\/strong><\/p>\n<p>Breite Anwendung: Weit verbreitet in verschiedenen Arten von Verpackungsboxen, Aluminiumbox-Griffringen, mechanischen Seitengriffen, Werkzeugkastengriffen, Milit\u00e4rboxgriffen, verschiedenen Flightcases usw.<\/p>\n<hr \/>\n<p><strong>Beschreibung :<\/strong><\/p>\n<ul>\n<li>Die Griffe zum Hebern von Kisten bestehen aus poliertem Edelstahl, rosten nicht so leicht, wenn sie Regen ausgesetzt werden, haben eine hohe H\u00e4rte, verformen sich nicht so leicht und sind korrosionsbest\u00e4ndig.<\/li>\n<li>Die schwarze Gummigriffh\u00fclle ist isoliert und kann Ihre Hand vor Verletzungen sch\u00fctzen. Dicke Hebel und Basen machen sie haltbarer und langlebiger.<\/li>\n<\/ul>\n<hr \/>\n<p><strong>Notiz :<\/strong><\/p>\n<ul>\n<li>Der weiche und dick gepolsterte Griff ist gut, und der weiche und weich gepolsterte Griff f\u00fchlt sich toll an.<\/li>\n<li>Bitte kontaktieren Sie uns, \u00fcberpr\u00fcfen Sie unsere Produktgr\u00f6\u00dfe sorgf\u00e4ltig und lesen Sie die Produktgr\u00f6\u00dfenbeschreibungen vor dem Kauf, um m\u00f6glicherweise unangenehme Einkaufserlebnisse zu vermeiden.<\/li>\n<\/ul>\n<p><iframe title=\"Flight Case Griffe Vitrine | Heavy-Duty &amp; anpassbar\" width=\"1200\" height=\"675\" src=\"https:\/\/www.youtube.com\/embed\/HTukBWi6wi0?feature=oembed&#038;enablejsapi=1&#038;origin=https:\/\/fayshing.com\" frameborder=\"0\" allow=\"accelerometer; autoplay; clipboard-write; encrypted-media; gyroscope; picture-in-picture; web-share\" referrerpolicy=\"strict-origin-when-cross-origin\" allowfullscreen><\/iframe><\/p>","protected":false},"excerpt":{"rendered":"<ul>\n<li>8 mm gro\u00dfer, hochbelastbarer, mittelgro\u00dfer versenkter Griff<\/li>\n<li>Stahl<\/li>\n<li>176 \u00d7 126 mm<\/li>\n<li>Der Griff ist aus schwarzem Gummi<\/li>\n<li>10 Befestigungsl\u00f6cher<\/li>\n<li>Chrom \/ Schwarz \/ Blaues Zink<\/li>\n<\/ul>","protected":false},"featured_media":6234,"comment_status":"open","ping_status":"closed","template":"","meta":{"_acf_changed":false},"product_brand":[],"product_cat":[108,120],"product_tag":[],"class_list":{"0":"post-2080","1":"product","2":"type-product","3":"status-publish","4":"has-post-thumbnail","6":"product_cat-handles","7":"product_cat-recessed-handles","8":"pa_material-steel","9":"pa_surface-treatment-black","10":"pa_surface-treatment-blue-zinc","11":"pa_surface-treatment-chrome","12":"description-off","14":"first","15":"instock","16":"shipping-taxable","17":"product-type-simple"},"acf":[],"_links":{"self":[{"href":"https:\/\/fayshing.com\/de-de\/wp-json\/wp\/v2\/product\/2080","targetHints":{"allow":["GET"]}}],"collection":[{"href":"https:\/\/fayshing.com\/de-de\/wp-json\/wp\/v2\/product"}],"about":[{"href":"https:\/\/fayshing.com\/de-de\/wp-json\/wp\/v2\/types\/product"}],"replies":[{"embeddable":true,"href":"https:\/\/fayshing.com\/de-de\/wp-json\/wp\/v2\/comments?post=2080"}],"wp:featuredmedia":[{"embeddable":true,"href":"https:\/\/fayshing.com\/de-de\/wp-json\/wp\/v2\/media\/6234"}],"wp:attachment":[{"href":"https:\/\/fayshing.com\/de-de\/wp-json\/wp\/v2\/media?parent=2080"}],"wp:term":[{"taxonomy":"product_brand","embeddable":true,"href":"https:\/\/fayshing.com\/de-de\/wp-json\/wp\/v2\/product_brand?post=2080"},{"taxonomy":"product_cat","embeddable":true,"href":"https:\/\/fayshing.com\/de-de\/wp-json\/wp\/v2\/product_cat?post=2080"},{"taxonomy":"product_tag","embeddable":true,"href":"https:\/\/fayshing.com\/de-de\/wp-json\/wp\/v2\/product_tag?post=2080"}],"curies":[{"name":"wp","href":"https:\/\/api.w.org\/{rel}","templated":true}]}}