{"id":2078,"date":"2022-04-19T16:35:34","date_gmt":"2022-04-19T08:35:34","guid":{"rendered":"http:\/\/fayshing.com\/index.php\/product\/fayshing-spring-less-loaded-case-handle-cabinet-pulls-with-rubber-grip-for-flight-road-case-tool-box-truck-box-fs-2063\/"},"modified":"2025-08-08T13:54:34","modified_gmt":"2025-08-08T05:54:34","slug":"fayshing-spring-less-loaded-case-handle-cabinet-pulls-with-rubber-grip-for-flight-road-case-tool-box-truck-box-fs-2063","status":"publish","type":"product","link":"https:\/\/fayshing.com\/de-de\/product\/fayshing-spring-less-loaded-case-handle-cabinet-pulls-with-rubber-grip-for-flight-road-case-tool-box-truck-box-fs-2063\/","title":{"rendered":"Fayshing Federloser Koffergriff, Schrankgriffe mit Gummigriff f\u00fcr Flugkoffer, Stra\u00dfenkoffer, Werkzeugkasten, LKW-Box, FS-2063"},"content":{"rendered":"<p><strong>Federloser Koffergriff mit Gummigriff f\u00fcr Flight Road Case Tool Box Truck Box<\/strong><\/p>\n<p>Breite Anwendung: Weit verbreitet in verschiedenen Arten von Verpackungsboxen, Aluminiumbox-Griffringen, mechanischen Seitengriffen, Werkzeugkastengriffen, Milit\u00e4rboxgriffen, verschiedenen Flightcases usw.<\/p>\n<hr \/>\n<p><strong>Beschreibung :<\/strong><\/p>\n<ul>\n<li>Die Griffe zum Hebern von Kisten bestehen aus poliertem Edelstahl, rosten nicht so leicht, wenn sie Regen ausgesetzt werden, haben eine hohe H\u00e4rte, verformen sich nicht so leicht und sind korrosionsbest\u00e4ndig.<\/li>\n<li>Die schwarze Gummigriffh\u00fclle ist isoliert und kann Ihre Hand vor Verletzungen sch\u00fctzen. Dicke Hebel und Basen machen sie haltbarer und langlebiger.<\/li>\n<\/ul>\n<hr \/>\n<p><strong>Notiz :<\/strong><\/p>\n<ul>\n<li>Der weiche und dick gepolsterte Griff ist gut, und der weiche und weich gepolsterte Griff f\u00fchlt sich toll an.<\/li>\n<li>Bitte kontaktieren Sie uns, \u00fcberpr\u00fcfen Sie unsere Produktgr\u00f6\u00dfe sorgf\u00e4ltig und lesen Sie die Produktgr\u00f6\u00dfenbeschreibungen vor dem Kauf, um m\u00f6glicherweise unangenehme Einkaufserlebnisse zu vermeiden.<\/li>\n<\/ul>\n<p><iframe title=\"Flight Case Griffe Vitrine | Heavy-Duty &amp; anpassbar\" width=\"1200\" height=\"675\" src=\"https:\/\/www.youtube.com\/embed\/HTukBWi6wi0?feature=oembed&#038;enablejsapi=1&#038;origin=https:\/\/fayshing.com\" frameborder=\"0\" allow=\"accelerometer; autoplay; clipboard-write; encrypted-media; gyroscope; picture-in-picture; web-share\" referrerpolicy=\"strict-origin-when-cross-origin\" allowfullscreen><\/iframe><\/p>","protected":false},"excerpt":{"rendered":"<p>Fayshing Geh\u00e4useloser Eisengriff, ideal zum Verladen in gro\u00dfe Kisten wie Flightcases und DJ-Equipment-Cases<\/p>","protected":false},"featured_media":2104,"comment_status":"open","ping_status":"closed","template":"","meta":{"_acf_changed":false},"product_brand":[],"product_cat":[108,120],"product_tag":[],"class_list":{"0":"post-2078","1":"product","2":"type-product","3":"status-publish","4":"has-post-thumbnail","6":"product_cat-handles","7":"product_cat-recessed-handles","8":"description-off","10":"first","11":"instock","12":"shipping-taxable","13":"product-type-simple"},"acf":[],"_links":{"self":[{"href":"https:\/\/fayshing.com\/de-de\/wp-json\/wp\/v2\/product\/2078","targetHints":{"allow":["GET"]}}],"collection":[{"href":"https:\/\/fayshing.com\/de-de\/wp-json\/wp\/v2\/product"}],"about":[{"href":"https:\/\/fayshing.com\/de-de\/wp-json\/wp\/v2\/types\/product"}],"replies":[{"embeddable":true,"href":"https:\/\/fayshing.com\/de-de\/wp-json\/wp\/v2\/comments?post=2078"}],"wp:featuredmedia":[{"embeddable":true,"href":"https:\/\/fayshing.com\/de-de\/wp-json\/wp\/v2\/media\/2104"}],"wp:attachment":[{"href":"https:\/\/fayshing.com\/de-de\/wp-json\/wp\/v2\/media?parent=2078"}],"wp:term":[{"taxonomy":"product_brand","embeddable":true,"href":"https:\/\/fayshing.com\/de-de\/wp-json\/wp\/v2\/product_brand?post=2078"},{"taxonomy":"product_cat","embeddable":true,"href":"https:\/\/fayshing.com\/de-de\/wp-json\/wp\/v2\/product_cat?post=2078"},{"taxonomy":"product_tag","embeddable":true,"href":"https:\/\/fayshing.com\/de-de\/wp-json\/wp\/v2\/product_tag?post=2078"}],"curies":[{"name":"wp","href":"https:\/\/api.w.org\/{rel}","templated":true}]}}