{"id":2077,"date":"2022-04-19T16:35:34","date_gmt":"2022-04-19T08:35:34","guid":{"rendered":"http:\/\/fayshing.com\/index.php\/product\/fayshing-flight-case-handle-with-4-holes-fs-2057\/"},"modified":"2025-08-07T17:44:09","modified_gmt":"2025-08-07T09:44:09","slug":"fayshing-flight-case-handle-with-4-holes-fs-2058","status":"publish","type":"product","link":"https:\/\/fayshing.com\/de-de\/product\/fayshing-flight-case-handle-with-4-holes-fs-2058\/","title":{"rendered":"4 Befestigungsl\u00f6cher Kleiner Brustkorbgriff FS-2057"},"content":{"rendered":"<p data-start=\"145\" data-end=\"443\">Der <strong data-start=\"149\" data-end=\"179\">FS-2057 Kleiner Brustkorb-Griff<\/strong> ist eine kompakte und praktische L\u00f6sung f\u00fcr kleine Koffer, Kisten, Schubladen oder Werkzeugk\u00e4sten, die einen stabilen und leicht zu greifenden Griff ben\u00f6tigen. Entworfen mit <strong data-start=\"322\" data-end=\"342\">4 Befestigungsl\u00f6cher<\/strong> F\u00fcr mehr Stabilit\u00e4t sorgt dieser Griff f\u00fcr eine sichere Befestigung an Holz-, Metall- oder Verbundwerkstoffoberfl\u00e4chen.<\/p>\n<p data-start=\"445\" data-end=\"668\">Messung <strong data-start=\"455\" data-end=\"469\">110 \u00d7 91 mm<\/strong>Dieser Griff ist klein in der Gr\u00f6\u00dfe, aber stark in der Leistung. Fertiggestellt in <strong data-start=\"539\" data-end=\"549\">Chrom<\/strong>Es bietet sowohl Haltbarkeit als auch ein poliertes Aussehen und eignet sich daher sowohl f\u00fcr funktionale als auch f\u00fcr dekorative Anwendungen.<\/p>\n<p data-start=\"670\" data-end=\"687\"><strong data-start=\"670\" data-end=\"687\">Wesentliche Merkmale:<\/strong><\/p>\n<ul data-start=\"688\" data-end=\"1026\">\n<li data-start=\"688\" data-end=\"713\">\n<p data-start=\"690\" data-end=\"713\">Produkt-Code: FS-2057<\/p>\n<\/li>\n<li data-start=\"714\" data-end=\"764\">\n<p data-start=\"716\" data-end=\"764\">Typ: Kleiner Brustgriff mit 4 Befestigungsl\u00f6chern<\/p>\n<\/li>\n<li data-start=\"765\" data-end=\"785\">\n<p data-start=\"767\" data-end=\"785\">Gr\u00f6\u00dfe: 110 \u00d7 91 mm<\/p>\n<\/li>\n<li data-start=\"786\" data-end=\"821\">\n<p data-start=\"788\" data-end=\"821\">Material: Stahl (verchromt)<\/p>\n<\/li>\n<li data-start=\"822\" data-end=\"884\">\n<p data-start=\"824\" data-end=\"884\">Ausf\u00fchrung: Chrom - korrosionsbest\u00e4ndig und professionelles Aussehen<\/p>\n<\/li>\n<li data-start=\"885\" data-end=\"941\">\n<p data-start=\"887\" data-end=\"941\">Befestigung: 4 L\u00f6cher f\u00fcr eine stabile und sichere Montage<\/p>\n<\/li>\n<li data-start=\"942\" data-end=\"1026\">\n<p data-start=\"944\" data-end=\"1026\">Anwendung: Geeignet f\u00fcr kleine Truhen, Werkzeugk\u00e4sten, Instrumentenkoffer, Schubladen usw.<\/p>\n<\/li>\n<\/ul>\n<p data-start=\"1028\" data-end=\"1166\">Wenn Sie nach einem <strong data-start=\"1052\" data-end=\"1100\">kompakter, langlebiger und leicht zu installierender Griff<\/strong>Der FS-2057 ist sowohl f\u00fcr Heimwerker- als auch f\u00fcr Industrieprojekte bestens geeignet.<\/p>\n<hr data-start=\"1168\" data-end=\"1171\" \/>\n<p data-start=\"1173\" data-end=\"1238\">\ud83d\udcd0 <em data-start=\"1176\" data-end=\"1236\">3D-Zeichnungen oder kundenspezifische Ausf\u00fchrungsoptionen sind auf Anfrage erh\u00e4ltlich.<\/em><\/p>\n<p><iframe title=\"Flight Case Griffe Vitrine | Heavy-Duty &amp; anpassbar\" width=\"1200\" height=\"675\" src=\"https:\/\/www.youtube.com\/embed\/HTukBWi6wi0?feature=oembed&#038;enablejsapi=1&#038;origin=https:\/\/fayshing.com\" frameborder=\"0\" allow=\"accelerometer; autoplay; clipboard-write; encrypted-media; gyroscope; picture-in-picture; web-share\" referrerpolicy=\"strict-origin-when-cross-origin\" allowfullscreen><\/iframe><\/p>","protected":false},"excerpt":{"rendered":"<ul>\n<li>4 Befestigungsl\u00f6cher Kleiner Brustkorbgriff<\/li>\n<li>FS-2057<\/li>\n<li>110 \u00d7 91 mm<\/li>\n<li>Chrom<\/li>\n<li>Klein<\/li>\n<\/ul>","protected":false},"featured_media":6247,"comment_status":"open","ping_status":"closed","template":"","meta":{"_acf_changed":false},"product_brand":[],"product_cat":[108,122,121],"product_tag":[],"class_list":{"0":"post-2077","1":"product","2":"type-product","3":"status-publish","4":"has-post-thumbnail","6":"product_cat-handles","7":"product_cat-chest-handles","8":"product_cat-surface-handles","9":"pa_material-steel","10":"pa_surface-treatment-chrome","11":"description-off","13":"first","14":"instock","15":"shipping-taxable","16":"product-type-simple"},"acf":[],"_links":{"self":[{"href":"https:\/\/fayshing.com\/de-de\/wp-json\/wp\/v2\/product\/2077","targetHints":{"allow":["GET"]}}],"collection":[{"href":"https:\/\/fayshing.com\/de-de\/wp-json\/wp\/v2\/product"}],"about":[{"href":"https:\/\/fayshing.com\/de-de\/wp-json\/wp\/v2\/types\/product"}],"replies":[{"embeddable":true,"href":"https:\/\/fayshing.com\/de-de\/wp-json\/wp\/v2\/comments?post=2077"}],"wp:featuredmedia":[{"embeddable":true,"href":"https:\/\/fayshing.com\/de-de\/wp-json\/wp\/v2\/media\/6247"}],"wp:attachment":[{"href":"https:\/\/fayshing.com\/de-de\/wp-json\/wp\/v2\/media?parent=2077"}],"wp:term":[{"taxonomy":"product_brand","embeddable":true,"href":"https:\/\/fayshing.com\/de-de\/wp-json\/wp\/v2\/product_brand?post=2077"},{"taxonomy":"product_cat","embeddable":true,"href":"https:\/\/fayshing.com\/de-de\/wp-json\/wp\/v2\/product_cat?post=2077"},{"taxonomy":"product_tag","embeddable":true,"href":"https:\/\/fayshing.com\/de-de\/wp-json\/wp\/v2\/product_tag?post=2077"}],"curies":[{"name":"wp","href":"https:\/\/api.w.org\/{rel}","templated":true}]}}