{"id":2076,"date":"2022-04-19T16:35:34","date_gmt":"2022-04-19T08:35:34","guid":{"rendered":"http:\/\/fayshing.com\/index.php\/product\/fayshing-flight-case-handle-with-3-holes-fs-2056\/"},"modified":"2025-08-08T15:15:27","modified_gmt":"2025-08-08T07:15:27","slug":"fayshing-flight-case-handle-with-3-holes-fs-2057","status":"publish","type":"product","link":"https:\/\/fayshing.com\/de-de\/product\/fayshing-flight-case-handle-with-3-holes-fs-2057\/","title":{"rendered":"3 Befestigungsl\u00f6cher Kleiner Brustkorbgriff FS-2056"},"content":{"rendered":"<p data-start=\"147\" data-end=\"426\">Der <strong data-start=\"151\" data-end=\"181\">FS-2056 Kleiner Brustkorb-Griff<\/strong> ist ein kompaktes und langlebiges Beschlagteil, das f\u00fcr Koffer, Kisten und kleine Aufbewahrungseinheiten entwickelt wurde. Mit <strong data-start=\"279\" data-end=\"299\">3 Befestigungsl\u00f6cher<\/strong> f\u00fcr eine sichere Installation, bietet es eine stabile Leistung und ein sauberes Aussehen f\u00fcr funktionelle und dekorative Anwendungen.<\/p>\n<p data-start=\"428\" data-end=\"663\">Messung <strong data-start=\"438\" data-end=\"451\">77 \u00d7 72 mm<\/strong> und in polierter Ausf\u00fchrung <strong data-start=\"477\" data-end=\"487\">Chrom<\/strong>Dieser Griff kombiniert St\u00e4rke, Korrosionsbest\u00e4ndigkeit und ein attraktives Aussehen und eignet sich daher f\u00fcr Werkzeugk\u00e4sten, Instrumentenkoffer, Holztruhen und individuelle Aufbewahrungsprojekte.<\/p>\n<p data-start=\"665\" data-end=\"684\"><strong data-start=\"665\" data-end=\"682\">Wesentliche Merkmale:<\/strong><\/p>\n<ul data-start=\"685\" data-end=\"1015\">\n<li data-start=\"685\" data-end=\"710\">\n<p data-start=\"687\" data-end=\"710\">Produkt-Code: FS-2056<\/p>\n<\/li>\n<li data-start=\"711\" data-end=\"761\">\n<p data-start=\"713\" data-end=\"761\">Typ: Kleiner Brustgriff mit 3 Befestigungsl\u00f6chern<\/p>\n<\/li>\n<li data-start=\"762\" data-end=\"781\">\n<p data-start=\"764\" data-end=\"781\">Gr\u00f6\u00dfe: 77 \u00d7 72 mm<\/p>\n<\/li>\n<li data-start=\"782\" data-end=\"817\">\n<p data-start=\"784\" data-end=\"817\">Material: Stahl (verchromt)<\/p>\n<\/li>\n<li data-start=\"818\" data-end=\"870\">\n<p data-start=\"820\" data-end=\"870\">Ausf\u00fchrung: Chrom - langlebig und korrosionsbest\u00e4ndig<\/p>\n<\/li>\n<li data-start=\"871\" data-end=\"926\">\n<p data-start=\"873\" data-end=\"926\">Befestigung: 3 L\u00f6cher f\u00fcr schnelle und sichere Montage<\/p>\n<\/li>\n<li data-start=\"927\" data-end=\"1015\">\n<p data-start=\"929\" data-end=\"1015\">Anwendungen: Kleine Truhen, Werkzeugk\u00e4sten, Instrumentenkoffer, Aufbewahrungsboxen, DIY-Projekte<\/p>\n<\/li>\n<\/ul>\n<p data-start=\"1017\" data-end=\"1165\">Der FS-2056 ist ein praktischer, kompakter und einfach zu installierender Griff, der zuverl\u00e4ssige Funktionalit\u00e4t und ein professionelles Finish f\u00fcr jeden kleinen Koffer oder jede Box bietet.<\/p>\n<hr \/>\n<p><strong>Notiz :<\/strong><\/p>\n<ul>\n<li>Der weiche und dick gepolsterte Griff ist gut, und der weiche und weich gepolsterte Griff f\u00fchlt sich toll an.<\/li>\n<li>Bitte kontaktieren Sie uns, \u00fcberpr\u00fcfen Sie unsere Produktgr\u00f6\u00dfe sorgf\u00e4ltig und lesen Sie die Produktgr\u00f6\u00dfenbeschreibungen vor dem Kauf, um m\u00f6glicherweise unangenehme Einkaufserlebnisse zu vermeiden.<\/li>\n<\/ul>\n<p><iframe title=\"Flight Case Griffe Vitrine | Heavy-Duty &amp; anpassbar\" width=\"1200\" height=\"675\" src=\"https:\/\/www.youtube.com\/embed\/HTukBWi6wi0?feature=oembed&#038;enablejsapi=1&#038;origin=https:\/\/fayshing.com\" frameborder=\"0\" allow=\"accelerometer; autoplay; clipboard-write; encrypted-media; gyroscope; picture-in-picture; web-share\" referrerpolicy=\"strict-origin-when-cross-origin\" allowfullscreen><\/iframe><\/p>","protected":false},"excerpt":{"rendered":"<ul>\n<li>3 Befestigungsl\u00f6cher Kleiner Brustkorbgriff<\/li>\n<li>FS-2056<\/li>\n<li>77 \u00d7 72 mm<\/li>\n<li>Chrom<\/li>\n<\/ul>","protected":false},"featured_media":6244,"comment_status":"open","ping_status":"closed","template":"","meta":{"_acf_changed":false},"product_brand":[],"product_cat":[108,122,121],"product_tag":[],"class_list":{"0":"post-2076","1":"product","2":"type-product","3":"status-publish","4":"has-post-thumbnail","6":"product_cat-handles","7":"product_cat-chest-handles","8":"product_cat-surface-handles","9":"pa_material-steel","10":"pa_surface-treatment-chrome","11":"description-off","13":"first","14":"instock","15":"shipping-taxable","16":"product-type-simple"},"acf":[],"_links":{"self":[{"href":"https:\/\/fayshing.com\/de-de\/wp-json\/wp\/v2\/product\/2076","targetHints":{"allow":["GET"]}}],"collection":[{"href":"https:\/\/fayshing.com\/de-de\/wp-json\/wp\/v2\/product"}],"about":[{"href":"https:\/\/fayshing.com\/de-de\/wp-json\/wp\/v2\/types\/product"}],"replies":[{"embeddable":true,"href":"https:\/\/fayshing.com\/de-de\/wp-json\/wp\/v2\/comments?post=2076"}],"wp:featuredmedia":[{"embeddable":true,"href":"https:\/\/fayshing.com\/de-de\/wp-json\/wp\/v2\/media\/6244"}],"wp:attachment":[{"href":"https:\/\/fayshing.com\/de-de\/wp-json\/wp\/v2\/media?parent=2076"}],"wp:term":[{"taxonomy":"product_brand","embeddable":true,"href":"https:\/\/fayshing.com\/de-de\/wp-json\/wp\/v2\/product_brand?post=2076"},{"taxonomy":"product_cat","embeddable":true,"href":"https:\/\/fayshing.com\/de-de\/wp-json\/wp\/v2\/product_cat?post=2076"},{"taxonomy":"product_tag","embeddable":true,"href":"https:\/\/fayshing.com\/de-de\/wp-json\/wp\/v2\/product_tag?post=2076"}],"curies":[{"name":"wp","href":"https:\/\/api.w.org\/{rel}","templated":true}]}}