{"id":2075,"date":"2022-04-19T16:35:34","date_gmt":"2022-04-19T08:35:34","guid":{"rendered":"http:\/\/fayshing.com\/index.php\/product\/fayshing-wooden-box-metal-frosted-handle-with-5-holes-fs-2055\/"},"modified":"2025-06-09T10:58:40","modified_gmt":"2025-06-09T02:58:40","slug":"fayshing-wooden-box-metal-frosted-handle-with-5-holes-fs-2055","status":"publish","type":"product","link":"https:\/\/fayshing.com\/de-de\/product\/fayshing-wooden-box-metal-frosted-handle-with-5-holes-fs-2055\/","title":{"rendered":"Fayshing Holzkiste Metall mattierter Griff mit 5 L\u00f6chern FS-2055"},"content":{"rendered":"<p><strong>Holzkiste Metall mattierter Griff mit 5 L\u00f6chern<\/strong><\/p>\n<p>Breite Anwendung: Weit verbreitet in verschiedenen Arten von Verpackungsboxen, Aluminiumbox-Griffringen, mechanischen Seitengriffen, Werkzeugkastengriffen, Milit\u00e4rboxgriffen, verschiedenen Flightcases usw.<\/p>\n<hr \/>\n<p><strong>Beschreibung :<\/strong><\/p>\n<ul>\n<li>Die Griffe zum Hebern von Kisten bestehen aus poliertem Edelstahl, rosten nicht so leicht, wenn sie Regen ausgesetzt werden, haben eine hohe H\u00e4rte, verformen sich nicht so leicht und sind korrosionsbest\u00e4ndig.<\/li>\n<li>Hohe H\u00e4rte, nicht lineare Bewegung, langlebig, verschlei\u00dffest, rostfrei, korrosionsbest\u00e4ndig und kann in Innenr\u00e4umen, im Freien und sogar in feuchten Umgebungen verwendet werden.<\/li>\n<\/ul>\n<hr \/>\n<p><strong>Notiz :<\/strong><\/p>\n<ul>\n<li>Der weiche und dick gepolsterte Griff ist gut, und der weiche und weich gepolsterte Griff f\u00fchlt sich toll an.<\/li>\n<li>Bitte kontaktieren Sie uns, \u00fcberpr\u00fcfen Sie unsere Produktgr\u00f6\u00dfe sorgf\u00e4ltig und lesen Sie die Produktgr\u00f6\u00dfenbeschreibungen vor dem Kauf, um m\u00f6glicherweise unangenehme Einkaufserlebnisse zu vermeiden.<\/li>\n<\/ul>\n<p><iframe title=\"Flight Case Griffe Vitrine | Heavy-Duty &amp; anpassbar\" width=\"1200\" height=\"675\" src=\"https:\/\/www.youtube.com\/embed\/HTukBWi6wi0?feature=oembed&#038;enablejsapi=1&#038;origin=https:\/\/fayshing.com\" frameborder=\"0\" allow=\"accelerometer; autoplay; clipboard-write; encrypted-media; gyroscope; picture-in-picture; web-share\" referrerpolicy=\"strict-origin-when-cross-origin\" allowfullscreen><\/iframe><\/p>","protected":false},"excerpt":{"rendered":"<ul>\n<li>Holzkiste Metall mattierter Griff mit 5 L\u00f6chern ohne Feder<\/li>\n<li>FS-2055<\/li>\n<li>Stahl<\/li>\n<li>Chrom<\/li>\n<li>5 Befestigungsl\u00f6cher<\/li>\n<\/ul>","protected":false},"featured_media":2090,"comment_status":"open","ping_status":"closed","template":"","meta":{"_acf_changed":false},"product_brand":[],"product_cat":[108,121],"product_tag":[],"class_list":{"0":"post-2075","1":"product","2":"type-product","3":"status-publish","4":"has-post-thumbnail","6":"product_cat-handles","7":"product_cat-surface-handles","8":"pa_material-steel","9":"pa_surface-treatment-chrome","10":"description-off","12":"first","13":"instock","14":"shipping-taxable","15":"product-type-simple"},"acf":[],"_links":{"self":[{"href":"https:\/\/fayshing.com\/de-de\/wp-json\/wp\/v2\/product\/2075","targetHints":{"allow":["GET"]}}],"collection":[{"href":"https:\/\/fayshing.com\/de-de\/wp-json\/wp\/v2\/product"}],"about":[{"href":"https:\/\/fayshing.com\/de-de\/wp-json\/wp\/v2\/types\/product"}],"replies":[{"embeddable":true,"href":"https:\/\/fayshing.com\/de-de\/wp-json\/wp\/v2\/comments?post=2075"}],"wp:featuredmedia":[{"embeddable":true,"href":"https:\/\/fayshing.com\/de-de\/wp-json\/wp\/v2\/media\/2090"}],"wp:attachment":[{"href":"https:\/\/fayshing.com\/de-de\/wp-json\/wp\/v2\/media?parent=2075"}],"wp:term":[{"taxonomy":"product_brand","embeddable":true,"href":"https:\/\/fayshing.com\/de-de\/wp-json\/wp\/v2\/product_brand?post=2075"},{"taxonomy":"product_cat","embeddable":true,"href":"https:\/\/fayshing.com\/de-de\/wp-json\/wp\/v2\/product_cat?post=2075"},{"taxonomy":"product_tag","embeddable":true,"href":"https:\/\/fayshing.com\/de-de\/wp-json\/wp\/v2\/product_tag?post=2075"}],"curies":[{"name":"wp","href":"https:\/\/api.w.org\/{rel}","templated":true}]}}