{"id":2069,"date":"2022-04-19T16:35:33","date_gmt":"2022-04-19T08:35:33","guid":{"rendered":"http:\/\/fayshing.com\/index.php\/product\/fayshing-flight-case-stainless-small-handle-fs-2110\/"},"modified":"2025-06-09T15:28:25","modified_gmt":"2025-06-09T07:28:25","slug":"fayshing-flight-case-stainless-small-handle-fs-2110","status":"publish","type":"product","link":"https:\/\/fayshing.com\/de-de\/product\/fayshing-flight-case-stainless-small-handle-fs-2110\/","title":{"rendered":"130mm Aufputz-Griff mit Federmechanismus FS-2117"},"content":{"rendered":"<p><strong>Flight Case Edelstahl Kleiner Griff<\/strong><\/p>\n<p>Breite Anwendung: Weit verbreitet in verschiedenen Arten von Verpackungsboxen, Aluminiumbox-Griffringen, mechanischen Seitengriffen, Werkzeugkastengriffen, Milit\u00e4rboxgriffen, verschiedenen Flightcases usw.<\/p>\n<hr \/>\n<p><strong>Beschreibung :<\/strong><\/p>\n<ul>\n<li>Die Griffe zum Hebern von Kisten bestehen aus poliertem Edelstahl, rosten nicht so leicht, wenn sie Regen ausgesetzt werden, haben eine hohe H\u00e4rte, verformen sich nicht so leicht und sind korrosionsbest\u00e4ndig.<\/li>\n<li>Die schwarze Gummigriffh\u00fclle ist isoliert und kann Ihre Hand vor Verletzungen sch\u00fctzen. Dicke Hebel und Basen machen sie haltbarer und langlebiger.<\/li>\n<\/ul>\n<hr \/>\n<p><strong>Notiz :<\/strong><\/p>\n<ul>\n<li>Der weiche und dick gepolsterte Griff ist gut, und der weiche und weich gepolsterte Griff f\u00fchlt sich toll an.<\/li>\n<li>Bitte kontaktieren Sie uns, \u00fcberpr\u00fcfen Sie unsere Produktgr\u00f6\u00dfe sorgf\u00e4ltig und lesen Sie die Produktgr\u00f6\u00dfenbeschreibungen vor dem Kauf, um m\u00f6glicherweise unangenehme Einkaufserlebnisse zu vermeiden.<\/li>\n<\/ul>\n<p><iframe title=\"Flight Case Griffe Vitrine | Heavy-Duty &amp; anpassbar\" width=\"1200\" height=\"675\" src=\"https:\/\/www.youtube.com\/embed\/HTukBWi6wi0?feature=oembed&#038;enablejsapi=1&#038;origin=https:\/\/fayshing.com\" frameborder=\"0\" allow=\"accelerometer; autoplay; clipboard-write; encrypted-media; gyroscope; picture-in-picture; web-share\" referrerpolicy=\"strict-origin-when-cross-origin\" allowfullscreen><\/iframe><\/p>","protected":false},"excerpt":{"rendered":"<ul>\n<li>130mm Aufputz-Griff mit Federmechanismus<\/li>\n<li>FS-2117<\/li>\n<li>130 \u00d7 65 mm<\/li>\n<li>Stahl<\/li>\n<li>Chrom \/ Schwarz \/ Blaues Zink<\/li>\n<\/ul>","protected":false},"featured_media":6272,"comment_status":"open","ping_status":"closed","template":"","meta":{"_acf_changed":false},"product_brand":[],"product_cat":[108,121],"product_tag":[],"class_list":{"0":"post-2069","1":"product","2":"type-product","3":"status-publish","4":"has-post-thumbnail","6":"product_cat-handles","7":"product_cat-surface-handles","8":"pa_material-steel","9":"pa_surface-treatment-black","10":"pa_surface-treatment-blue-zinc","11":"pa_surface-treatment-chrome","12":"description-off","14":"first","15":"instock","16":"shipping-taxable","17":"product-type-simple"},"acf":[],"_links":{"self":[{"href":"https:\/\/fayshing.com\/de-de\/wp-json\/wp\/v2\/product\/2069","targetHints":{"allow":["GET"]}}],"collection":[{"href":"https:\/\/fayshing.com\/de-de\/wp-json\/wp\/v2\/product"}],"about":[{"href":"https:\/\/fayshing.com\/de-de\/wp-json\/wp\/v2\/types\/product"}],"replies":[{"embeddable":true,"href":"https:\/\/fayshing.com\/de-de\/wp-json\/wp\/v2\/comments?post=2069"}],"wp:featuredmedia":[{"embeddable":true,"href":"https:\/\/fayshing.com\/de-de\/wp-json\/wp\/v2\/media\/6272"}],"wp:attachment":[{"href":"https:\/\/fayshing.com\/de-de\/wp-json\/wp\/v2\/media?parent=2069"}],"wp:term":[{"taxonomy":"product_brand","embeddable":true,"href":"https:\/\/fayshing.com\/de-de\/wp-json\/wp\/v2\/product_brand?post=2069"},{"taxonomy":"product_cat","embeddable":true,"href":"https:\/\/fayshing.com\/de-de\/wp-json\/wp\/v2\/product_cat?post=2069"},{"taxonomy":"product_tag","embeddable":true,"href":"https:\/\/fayshing.com\/de-de\/wp-json\/wp\/v2\/product_tag?post=2069"}],"curies":[{"name":"wp","href":"https:\/\/api.w.org\/{rel}","templated":true}]}}