{"id":2045,"date":"2022-04-19T15:51:12","date_gmt":"2022-04-19T07:51:12","guid":{"rendered":"http:\/\/fayshing.com\/index.php\/product\/fayshing-rectangular-hinge-fs-5101\/"},"modified":"2025-04-07T17:20:10","modified_gmt":"2025-04-07T09:20:10","slug":"fayshing-rectangular-hinge-fs-5101","status":"publish","type":"product","link":"https:\/\/fayshing.com\/de-de\/product\/fayshing-rectangular-hinge-fs-5101\/","title":{"rendered":"Fayshing 8-Loch-Deckelhalter mit Scharnier - H\u00f6he erh\u00f6hen FS-5103"},"content":{"rendered":"<p><strong>Deckelhalterung mit Scharnier Kleine Road Flight Case Hardware f\u00fcr Roadcase Fightcase Hardcase Tool Box FS-5103<\/strong><\/p>\n<p>Breite Anwendung: Weit verbreitet in verschiedenen Arten von Flightcases, Holzkisten, Zauberkoffern, Werkzeugkoffern, Gep\u00e4ckkoffern usw.<\/p>\n<hr \/>\n<p><strong>Beschreibung :<\/strong><\/p>\n<ul>\n<li>Scharniere sind aus hochwertigem Metall gefertigt, mit Silberschichten \u00fcberzogen, robust und langlebig.<\/li>\n<li>Rostet nicht leicht, wenn es Regen ausgesetzt wird, hat eine hohe H\u00e4rte, verformt sich nicht leicht und ist korrosionsbest\u00e4ndig.<\/li>\n<\/ul>\n<hr \/>\n<p><strong>Notiz :<\/strong><\/p>\n<ul>\n<li>Aufgrund manueller Messung ist eine Abweichung von 1-2 mm m\u00f6glich. Unterschiedliche Aufnahmelichtverh\u00e4ltnisse und unterschiedliche Monitore k\u00f6nnen dazu f\u00fchren, dass die Farbe des Produkts auf dem Bild leicht vom tats\u00e4chlichen Produkt abweicht.<\/li>\n<li>Bitte kontaktieren Sie uns, \u00fcberpr\u00fcfen Sie unsere Produktgr\u00f6\u00dfe sorgf\u00e4ltig und lesen Sie die Produktgr\u00f6\u00dfenbeschreibungen vor dem Kauf, um m\u00f6glicherweise unangenehme Einkaufserlebnisse zu vermeiden.<\/li>\n<\/ul>","protected":false},"excerpt":{"rendered":"<ul>\n<li>8-Loch-Deckelhalter mit Scharnier - H\u00f6he erh\u00f6hen<\/li>\n<li>Gr\u00f6\u00dfe: 88 \u00d7 49 mm<\/li>\n<li>Lochgr\u00f6\u00dfe \u03a63.3mm<\/li>\n<li>Material : Stahl<\/li>\n<li>Fertiggestellt: Chrom \/ Golden \/ Schwarz \/ Andere<\/li>\n<\/ul>","protected":false},"featured_media":2052,"comment_status":"open","ping_status":"closed","template":"","meta":{"_acf_changed":false},"product_brand":[],"product_cat":[114,132],"product_tag":[],"class_list":{"0":"post-2045","1":"product","2":"type-product","3":"status-publish","4":"has-post-thumbnail","6":"product_cat-hinges-lid-stays","7":"product_cat-hinges-with-stays","8":"description-off","10":"first","11":"instock","12":"shipping-taxable","13":"product-type-simple"},"acf":[],"_links":{"self":[{"href":"https:\/\/fayshing.com\/de-de\/wp-json\/wp\/v2\/product\/2045","targetHints":{"allow":["GET"]}}],"collection":[{"href":"https:\/\/fayshing.com\/de-de\/wp-json\/wp\/v2\/product"}],"about":[{"href":"https:\/\/fayshing.com\/de-de\/wp-json\/wp\/v2\/types\/product"}],"replies":[{"embeddable":true,"href":"https:\/\/fayshing.com\/de-de\/wp-json\/wp\/v2\/comments?post=2045"}],"wp:featuredmedia":[{"embeddable":true,"href":"https:\/\/fayshing.com\/de-de\/wp-json\/wp\/v2\/media\/2052"}],"wp:attachment":[{"href":"https:\/\/fayshing.com\/de-de\/wp-json\/wp\/v2\/media?parent=2045"}],"wp:term":[{"taxonomy":"product_brand","embeddable":true,"href":"https:\/\/fayshing.com\/de-de\/wp-json\/wp\/v2\/product_brand?post=2045"},{"taxonomy":"product_cat","embeddable":true,"href":"https:\/\/fayshing.com\/de-de\/wp-json\/wp\/v2\/product_cat?post=2045"},{"taxonomy":"product_tag","embeddable":true,"href":"https:\/\/fayshing.com\/de-de\/wp-json\/wp\/v2\/product_tag?post=2045"}],"curies":[{"name":"wp","href":"https:\/\/api.w.org\/{rel}","templated":true}]}}