{"id":2039,"date":"2022-04-19T15:51:12","date_gmt":"2022-04-19T07:51:12","guid":{"rendered":"http:\/\/fayshing.com\/index.php\/product\/fayshing-mini-retro-hinges-chrome-butt-hinge-small-hinges-for-wooden-box-jewelry-box-fs-5015\/"},"modified":"2025-08-08T14:49:42","modified_gmt":"2025-08-08T06:49:42","slug":"fayshing-mini-retro-hinges-chrome-butt-hinge-small-hinges-for-wooden-box-jewelry-box-fs-5015","status":"publish","type":"product","link":"https:\/\/fayshing.com\/de-de\/product\/fayshing-mini-retro-hinges-chrome-butt-hinge-small-hinges-for-wooden-box-jewelry-box-fs-5015\/","title":{"rendered":"Fayshing Mini-Retro-Scharniere, Chrom, kleine Scharniere f\u00fcr Holzkisten, Schmuckschatullen, FS-5015"},"content":{"rendered":"<p><strong>Fayshing Mini-Retro-Scharniere, Chrom, kleine Scharniere f\u00fcr Holzkisten, Schmuckschatullen, FS-5015<\/strong><\/p>\n<p>Breite Anwendung: Weit verbreitet in verschiedenen Arten von Flightcases, Holzkisten, Zauberkoffern, Werkzeugkoffern, Gep\u00e4ckkoffern usw.<\/p>\n<hr \/>\n<p><strong>Beschreibung :<\/strong><\/p>\n<ul>\n<li>Scharniere sind aus hochwertigem Metall gefertigt, mit Silberschichten \u00fcberzogen, robust und langlebig.<\/li>\n<li>Rostet nicht leicht, wenn es Regen ausgesetzt wird, hat eine hohe H\u00e4rte, verformt sich nicht leicht und ist korrosionsbest\u00e4ndig.<\/li>\n<\/ul>\n<hr \/>\n<p><strong>Notiz :<\/strong><\/p>\n<ul>\n<li>Aufgrund manueller Messung ist eine Abweichung von 1-2 mm m\u00f6glich. Unterschiedliche Aufnahmelichtverh\u00e4ltnisse und unterschiedliche Monitore k\u00f6nnen dazu f\u00fchren, dass die Farbe des Produkts auf dem Bild leicht vom tats\u00e4chlichen Produkt abweicht.<\/li>\n<li>Bitte kontaktieren Sie uns, \u00fcberpr\u00fcfen Sie unsere Produktgr\u00f6\u00dfe sorgf\u00e4ltig und lesen Sie die Produktgr\u00f6\u00dfenbeschreibungen vor dem Kauf, um m\u00f6glicherweise unangenehme Einkaufserlebnisse zu vermeiden.<\/li>\n<\/ul>","protected":false},"excerpt":{"rendered":"<p>Hochwertige Flightcase-Scharniere, passend f\u00fcr Flightcases, Holzkisten, Zauberkoffer, Werkzeugkoffer, Reisekoffer usw.<\/p>","protected":false},"featured_media":2059,"comment_status":"open","ping_status":"closed","template":"","meta":{"_acf_changed":false},"product_brand":[],"product_cat":[114,131],"product_tag":[],"class_list":{"0":"post-2039","1":"product","2":"type-product","3":"status-publish","4":"has-post-thumbnail","6":"product_cat-hinges-lid-stays","7":"product_cat-rectangle-hinges","8":"description-off","10":"first","11":"instock","12":"shipping-taxable","13":"product-type-simple"},"acf":[],"_links":{"self":[{"href":"https:\/\/fayshing.com\/de-de\/wp-json\/wp\/v2\/product\/2039","targetHints":{"allow":["GET"]}}],"collection":[{"href":"https:\/\/fayshing.com\/de-de\/wp-json\/wp\/v2\/product"}],"about":[{"href":"https:\/\/fayshing.com\/de-de\/wp-json\/wp\/v2\/types\/product"}],"replies":[{"embeddable":true,"href":"https:\/\/fayshing.com\/de-de\/wp-json\/wp\/v2\/comments?post=2039"}],"wp:featuredmedia":[{"embeddable":true,"href":"https:\/\/fayshing.com\/de-de\/wp-json\/wp\/v2\/media\/2059"}],"wp:attachment":[{"href":"https:\/\/fayshing.com\/de-de\/wp-json\/wp\/v2\/media?parent=2039"}],"wp:term":[{"taxonomy":"product_brand","embeddable":true,"href":"https:\/\/fayshing.com\/de-de\/wp-json\/wp\/v2\/product_brand?post=2039"},{"taxonomy":"product_cat","embeddable":true,"href":"https:\/\/fayshing.com\/de-de\/wp-json\/wp\/v2\/product_cat?post=2039"},{"taxonomy":"product_tag","embeddable":true,"href":"https:\/\/fayshing.com\/de-de\/wp-json\/wp\/v2\/product_tag?post=2039"}],"curies":[{"name":"wp","href":"https:\/\/api.w.org\/{rel}","templated":true}]}}