{"id":2037,"date":"2022-04-19T15:51:12","date_gmt":"2022-04-19T07:51:12","guid":{"rendered":"http:\/\/fayshing.com\/index.php\/product\/fayshing-lid-stay-hinge-for-aluminum-box-flight-case-fs-5044\/"},"modified":"2025-08-08T16:18:16","modified_gmt":"2025-08-08T08:18:16","slug":"fayshing-lid-stay-hinge-for-aluminum-box-flight-case-fs-5044","status":"publish","type":"product","link":"https:\/\/fayshing.com\/de-de\/product\/fayshing-lid-stay-hinge-for-aluminum-box-flight-case-fs-5044\/","title":{"rendered":"Fayshing Deckelscharnier f\u00fcr Aluminiumbox Flightcase FS-5044"},"content":{"rendered":"<p data-start=\"183\" data-end=\"474\">Der <strong data-start=\"187\" data-end=\"213\">FS-5044 Deckelscharnier<\/strong> ist ein kompakter und langlebiger Beschlag, der f\u00fcr die Befestigung und Sicherung von Deckeln an Aluminiumkisten, Flightcases, Instrumentenkoffern und Aufbewahrungskisten entwickelt wurde. Ausgestattet mit einem <strong data-start=\"375\" data-end=\"392\">5-Loch-Ausf\u00fchrung<\/strong> mit integriertem Scharnier, das eine reibungslose Bedienung des Deckels und eine stabile Positionierung erm\u00f6glicht.<\/p>\n<p data-start=\"476\" data-end=\"751\">Messung <strong data-start=\"486\" data-end=\"499\">52 \u00d7 28 mm<\/strong> mit <strong data-start=\"505\" data-end=\"530\">\u03a63,3mm Befestigungsl\u00f6cher<\/strong>Der FS-5044 ist aus folgenden Materialien gefertigt <strong data-start=\"560\" data-end=\"582\">Qualit\u00e4tsstahl<\/strong> f\u00fcr St\u00e4rke und Langlebigkeit. Verf\u00fcgbar in <strong data-start=\"624\" data-end=\"634\">Chrom<\/strong>, <strong data-start=\"636\" data-end=\"646\">goldene<\/strong>, <strong data-start=\"648\" data-end=\"657\">schwarz<\/strong>oder anderen kundenspezifischen Ausf\u00fchrungen verbindet er funktionale Leistung mit einem professionellen Erscheinungsbild.<\/p>\n<p data-start=\"753\" data-end=\"772\"><strong data-start=\"753\" data-end=\"770\">Wesentliche Merkmale:<\/strong><\/p>\n<ul data-start=\"773\" data-end=\"1046\">\n<li data-start=\"773\" data-end=\"798\">\n<p data-start=\"775\" data-end=\"798\">Produkt-Code: FS-5044<\/p>\n<\/li>\n<li data-start=\"799\" data-end=\"835\">\n<p data-start=\"801\" data-end=\"835\">Typ: 5-Loch-Deckelschere mit Scharnier<\/p>\n<\/li>\n<li data-start=\"836\" data-end=\"855\">\n<p data-start=\"838\" data-end=\"855\">Gr\u00f6\u00dfe: 52 \u00d7 28 mm<\/p>\n<\/li>\n<li data-start=\"856\" data-end=\"877\">\n<p data-start=\"858\" data-end=\"877\">Gr\u00f6\u00dfe der L\u00f6cher: \u03a63.3mm<\/p>\n<\/li>\n<li data-start=\"878\" data-end=\"897\">\n<p data-start=\"880\" data-end=\"897\">Material: Stahl<\/p>\n<\/li>\n<li data-start=\"898\" data-end=\"965\">\n<p data-start=\"900\" data-end=\"965\">Oberfl\u00e4chen-Optionen: Chrom \/ Golden \/ Schwarz \/ Andere kundenspezifische Ausf\u00fchrungen<\/p>\n<\/li>\n<li data-start=\"966\" data-end=\"1046\">\n<p data-start=\"968\" data-end=\"1046\">Anwendungen: Aluminiumkisten, Flightcases, Instrumentenkoffer, Aufbewahrungstruhen<\/p>\n<\/li>\n<\/ul>\n<p data-start=\"1048\" data-end=\"1205\">Der FS-5044 ist ideal f\u00fcr <strong data-start=\"1073\" data-end=\"1108\">Geh\u00e4usemacher und Reparaturprojekte<\/strong>und bietet eine zuverl\u00e4ssige und elegante Deckeltr\u00e4gerl\u00f6sung sowohl f\u00fcr Neubauten als auch f\u00fcr Renovierungsarbeiten.<\/p>","protected":false},"excerpt":{"rendered":"<ul>\n<li>5-Loch-Deckelhalter mit Scharnier<\/li>\n<li>Gr\u00f6\u00dfe: 52 \u00d7 28 mm<\/li>\n<li>Lochgr\u00f6\u00dfe \u03a63.3mm<\/li>\n<li>Material : Stahl<\/li>\n<li>Fertiggestellt: Chrom \/ Golden \/ Schwarz \/ Andere<\/li>\n<\/ul>","protected":false},"featured_media":2047,"comment_status":"open","ping_status":"closed","template":"","meta":{"_acf_changed":false},"product_brand":[],"product_cat":[114,132],"product_tag":[],"class_list":{"0":"post-2037","1":"product","2":"type-product","3":"status-publish","4":"has-post-thumbnail","6":"product_cat-hinges-lid-stays","7":"product_cat-hinges-with-stays","8":"description-off","10":"first","11":"instock","12":"shipping-taxable","13":"product-type-simple"},"acf":[],"_links":{"self":[{"href":"https:\/\/fayshing.com\/de-de\/wp-json\/wp\/v2\/product\/2037","targetHints":{"allow":["GET"]}}],"collection":[{"href":"https:\/\/fayshing.com\/de-de\/wp-json\/wp\/v2\/product"}],"about":[{"href":"https:\/\/fayshing.com\/de-de\/wp-json\/wp\/v2\/types\/product"}],"replies":[{"embeddable":true,"href":"https:\/\/fayshing.com\/de-de\/wp-json\/wp\/v2\/comments?post=2037"}],"wp:featuredmedia":[{"embeddable":true,"href":"https:\/\/fayshing.com\/de-de\/wp-json\/wp\/v2\/media\/2047"}],"wp:attachment":[{"href":"https:\/\/fayshing.com\/de-de\/wp-json\/wp\/v2\/media?parent=2037"}],"wp:term":[{"taxonomy":"product_brand","embeddable":true,"href":"https:\/\/fayshing.com\/de-de\/wp-json\/wp\/v2\/product_brand?post=2037"},{"taxonomy":"product_cat","embeddable":true,"href":"https:\/\/fayshing.com\/de-de\/wp-json\/wp\/v2\/product_cat?post=2037"},{"taxonomy":"product_tag","embeddable":true,"href":"https:\/\/fayshing.com\/de-de\/wp-json\/wp\/v2\/product_tag?post=2037"}],"curies":[{"name":"wp","href":"https:\/\/api.w.org\/{rel}","templated":true}]}}