{"id":2035,"date":"2022-04-19T15:51:12","date_gmt":"2022-04-19T07:51:12","guid":{"rendered":"http:\/\/fayshing.com\/index.php\/product\/fayshing-jewelry-box-hinge-accessories-hot-selling-case-hardware-butterfly-hinge-fs-5005\/"},"modified":"2025-01-14T11:12:51","modified_gmt":"2025-01-14T03:12:51","slug":"fayshing-jewelry-box-hinge-accessories-hot-selling-case-hardware-butterfly-hinge-fs-5005","status":"publish","type":"product","link":"https:\/\/fayshing.com\/de-de\/product\/fayshing-jewelry-box-hinge-accessories-hot-selling-case-hardware-butterfly-hinge-fs-5005\/","title":{"rendered":"Hei\u00dfer Verkauf Fall Hardware Schmetterling Scharnier FS-5005"},"content":{"rendered":"<p><strong>Fayshing Schmuckschatulle Scharnier Zubeh\u00f6r Hei\u00dfer Verkauf Fall Hardware Schmetterling Scharnier FS-5005<\/strong><\/p>\n<p>Breite Anwendung: Weit verbreitet in verschiedenen Arten von Flightcases, Holzkisten, Zauberkoffern, Werkzeugkoffern, Gep\u00e4ckkoffern usw.<\/p>\n<hr \/>\n<p><strong>Beschreibung :<\/strong><\/p>\n<ul>\n<li>Seite: 23 \u00d7 18 mm \/ 0,91 \u00d7 0,71 Zoll<\/li>\n<li>Material: Eisen<\/li>\n<li>Chrom: Chrom \/ Gold \/ Schwarz<\/li>\n<li>180 Grad<\/li>\n<\/ul>\n<hr \/>\n<p><strong>Notiz :<\/strong><\/p>\n<ul>\n<li>Aufgrund manueller Messung ist eine Abweichung von 1\u20132 mm m\u00f6glich. Unterschiedliche Aufnahmelichtverh\u00e4ltnisse und unterschiedliche Monitore k\u00f6nnen dazu f\u00fchren, dass die Farbe des Produkts auf dem Bild leicht von dem tats\u00e4chlichen Produkt abweicht.<\/li>\n<li>?Bitte kontaktieren Sie uns, \u00fcberpr\u00fcfen Sie unsere Produktgr\u00f6\u00dfe sorgf\u00e4ltig und lesen Sie die Produktgr\u00f6\u00dfenbeschreibungen vor dem Kauf, um m\u00f6glicherweise unangenehme Einkaufserlebnisse zu vermeiden.<\/li>\n<\/ul>","protected":false},"excerpt":{"rendered":"<ul>\n<li>Seite: 23 \u00d7 18 mm \/ 0,91 \u00d7 0,71 Zoll<\/li>\n<li>Material: Eisen<\/li>\n<li>Chrom: Chrom \/ Gold \/ Schwarz<\/li>\n<li>180 Grad<\/li>\n<\/ul>","protected":false},"featured_media":2048,"comment_status":"open","ping_status":"closed","template":"","meta":{"_acf_changed":false},"product_brand":[],"product_cat":[114,130],"product_tag":[],"class_list":{"0":"post-2035","1":"product","2":"type-product","3":"status-publish","4":"has-post-thumbnail","6":"product_cat-hinges-lid-stays","7":"product_cat-plum-shaped-hinges","8":"description-off","10":"first","11":"instock","12":"shipping-taxable","13":"product-type-simple"},"acf":[],"_links":{"self":[{"href":"https:\/\/fayshing.com\/de-de\/wp-json\/wp\/v2\/product\/2035","targetHints":{"allow":["GET"]}}],"collection":[{"href":"https:\/\/fayshing.com\/de-de\/wp-json\/wp\/v2\/product"}],"about":[{"href":"https:\/\/fayshing.com\/de-de\/wp-json\/wp\/v2\/types\/product"}],"replies":[{"embeddable":true,"href":"https:\/\/fayshing.com\/de-de\/wp-json\/wp\/v2\/comments?post=2035"}],"wp:featuredmedia":[{"embeddable":true,"href":"https:\/\/fayshing.com\/de-de\/wp-json\/wp\/v2\/media\/2048"}],"wp:attachment":[{"href":"https:\/\/fayshing.com\/de-de\/wp-json\/wp\/v2\/media?parent=2035"}],"wp:term":[{"taxonomy":"product_brand","embeddable":true,"href":"https:\/\/fayshing.com\/de-de\/wp-json\/wp\/v2\/product_brand?post=2035"},{"taxonomy":"product_cat","embeddable":true,"href":"https:\/\/fayshing.com\/de-de\/wp-json\/wp\/v2\/product_cat?post=2035"},{"taxonomy":"product_tag","embeddable":true,"href":"https:\/\/fayshing.com\/de-de\/wp-json\/wp\/v2\/product_tag?post=2035"}],"curies":[{"name":"wp","href":"https:\/\/api.w.org\/{rel}","templated":true}]}}