{"id":2034,"date":"2022-04-19T15:51:12","date_gmt":"2022-04-19T07:51:12","guid":{"rendered":"http:\/\/fayshing.com\/index.php\/product\/fayshing-antique-mini-hinges-hardware-for-wooden-jewelry-boxes-small-hinges-for-handmade-crafts-fs-5003\/"},"modified":"2025-01-10T14:07:27","modified_gmt":"2025-01-10T06:07:27","slug":"fayshing-antique-mini-hinges-hardware-for-wooden-jewelry-boxes-small-hinges-for-handmade-crafts-fs-5003","status":"publish","type":"product","link":"https:\/\/fayshing.com\/de-de\/product\/fayshing-antique-mini-hinges-hardware-for-wooden-jewelry-boxes-small-hinges-for-handmade-crafts-fs-5003\/","title":{"rendered":"Fayshing Antike Mini-Scharniere, Hardware FS-5003"},"content":{"rendered":"<p><strong>Fayshing Antike Mini Scharniere Hardware f\u00fcr h\u00f6lzerne Schmuckk\u00e4stchen, kleine Scharniere f\u00fcr handgemachte Kunsthandwerk FS-5003<\/strong><\/p>\n<p>Breite Anwendung: Weit verbreitet in verschiedenen Arten von Flightcases, Holzkisten, Zauberkoffern, Werkzeugkoffern, Gep\u00e4ckkoffern usw.<\/p>\n<hr \/>\n<p><strong>Beschreibung :<\/strong><\/p>\n<ul>\n<li>Seite: 26 \u00d7 26 mm \/ 1,02 \u00d7 1,02 Zoll<\/li>\n<li>Material: Eisen<\/li>\n<li>Chrom: Chrom \/ Gold \/ Schwarz<\/li>\n<li>90 Grad<\/li>\n<\/ul>\n<hr \/>\n<p><strong>Notiz :<\/strong><\/p>\n<ul>\n<li>Aufgrund manueller Messung ist eine Abweichung von 1\u20132 mm m\u00f6glich. Unterschiedliche Aufnahmelichtverh\u00e4ltnisse und unterschiedliche Monitore k\u00f6nnen dazu f\u00fchren, dass die Farbe des Produkts auf dem Bild leicht von dem tats\u00e4chlichen Produkt abweicht.<\/li>\n<li>Bitte <a href=\"https:\/\/fayshing.com\/de-de\/contact-us\/\">kontaktiere uns<\/a> \u00dcberpr\u00fcfen Sie unsere Produktgr\u00f6\u00dfen sorgf\u00e4ltig und lesen Sie die Gr\u00f6\u00dfenbeschreibungen der Produkte vor dem Kauf, um m\u00f6glicherweise unangenehme Einkaufserlebnisse zu vermeiden.<\/li>\n<\/ul>","protected":false},"excerpt":{"rendered":"<ul>\n<li>Seite: 26 \u00d7 26 mm \/ 1,02 \u00d7 1,02 Zoll<\/li>\n<li>Material: Eisen<\/li>\n<li>Chrom: Chrom \/ Gold \/ Schwarz<\/li>\n<li>90 Grad<\/li>\n<\/ul>","protected":false},"featured_media":4842,"comment_status":"open","ping_status":"closed","template":"","meta":{"_acf_changed":false},"product_brand":[],"product_cat":[114,130],"product_tag":[],"class_list":{"0":"post-2034","1":"product","2":"type-product","3":"status-publish","4":"has-post-thumbnail","6":"product_cat-hinges-lid-stays","7":"product_cat-plum-shaped-hinges","8":"description-off","10":"first","11":"instock","12":"shipping-taxable","13":"product-type-simple"},"acf":[],"_links":{"self":[{"href":"https:\/\/fayshing.com\/de-de\/wp-json\/wp\/v2\/product\/2034","targetHints":{"allow":["GET"]}}],"collection":[{"href":"https:\/\/fayshing.com\/de-de\/wp-json\/wp\/v2\/product"}],"about":[{"href":"https:\/\/fayshing.com\/de-de\/wp-json\/wp\/v2\/types\/product"}],"replies":[{"embeddable":true,"href":"https:\/\/fayshing.com\/de-de\/wp-json\/wp\/v2\/comments?post=2034"}],"wp:featuredmedia":[{"embeddable":true,"href":"https:\/\/fayshing.com\/de-de\/wp-json\/wp\/v2\/media\/4842"}],"wp:attachment":[{"href":"https:\/\/fayshing.com\/de-de\/wp-json\/wp\/v2\/media?parent=2034"}],"wp:term":[{"taxonomy":"product_brand","embeddable":true,"href":"https:\/\/fayshing.com\/de-de\/wp-json\/wp\/v2\/product_brand?post=2034"},{"taxonomy":"product_cat","embeddable":true,"href":"https:\/\/fayshing.com\/de-de\/wp-json\/wp\/v2\/product_cat?post=2034"},{"taxonomy":"product_tag","embeddable":true,"href":"https:\/\/fayshing.com\/de-de\/wp-json\/wp\/v2\/product_tag?post=2034"}],"curies":[{"name":"wp","href":"https:\/\/api.w.org\/{rel}","templated":true}]}}