{"id":2033,"date":"2022-04-19T15:51:12","date_gmt":"2022-04-19T07:51:12","guid":{"rendered":"http:\/\/fayshing.com\/index.php\/product\/fayshing-metal-small-wooden-box-hinges-cigar-box-hinge-fs-5001\/"},"modified":"2025-04-07T17:39:35","modified_gmt":"2025-04-07T09:39:35","slug":"fayshing-metal-small-wooden-box-hinges-cigar-box-hinge-fs-5001","status":"publish","type":"product","link":"https:\/\/fayshing.com\/de-de\/product\/fayshing-metal-small-wooden-box-hinges-cigar-box-hinge-fs-5001\/","title":{"rendered":"Fayshing Scharniere aus Metall f\u00fcr kleine Holzkisten, Scharnier f\u00fcr Zigarrenkisten, FS-5001"},"content":{"rendered":"<p><strong>Fayshing Scharniere aus Metall f\u00fcr kleine Holzkisten, Scharnier f\u00fcr Zigarrenkisten, FS-5001<\/strong><\/p>\n<p>Breite Anwendung: Weit verbreitet in verschiedenen Arten von Holzkisten und -kisten, Werkzeugkisten usw.<\/p>\n<hr \/>\n<p><strong>Beschreibung :<\/strong><\/p>\n<ul>\n<li>Seite: 26,5 \u00d7 21 mm \/ 1,04 \u00d7 0,83 Zoll<\/li>\n<li>Material: Eisen<\/li>\n<li>Chrom: Chrom \/ Gold \/ Schwarz<\/li>\n<\/ul>\n<p><strong>Zeichnung :<\/strong><\/p>\n<p><a href=\"https:\/\/fayshing.com\/wp-content\/uploads\/5001.png\"><img fetchpriority=\"high\" decoding=\"async\" class=\"alignnone wp-image-6162\" src=\"https:\/\/fayshing.com\/wp-content\/uploads\/5001-300x142.png\" alt=\"5001 Zeichnung\" width=\"621\" height=\"294\" title=\"\" srcset=\"https:\/\/fayshing.com\/wp-content\/uploads\/5001-300x142.png 300w, https:\/\/fayshing.com\/wp-content\/uploads\/5001-768x363.png 768w, https:\/\/fayshing.com\/wp-content\/uploads\/5001-18x9.png 18w, https:\/\/fayshing.com\/wp-content\/uploads\/5001-600x284.png 600w, https:\/\/fayshing.com\/wp-content\/uploads\/5001.png 822w\" sizes=\"(max-width: 621px) 100vw, 621px\" \/><\/a><\/p>\n<p><em>*Einheit ist mm<\/em><\/p>\n<hr \/>\n<p><strong>Notiz :<\/strong><\/p>\n<ul>\n<li>Aufgrund manueller Messung ist eine Abweichung von 1\u20132 mm m\u00f6glich. Unterschiedliche Aufnahmelichtverh\u00e4ltnisse und unterschiedliche Monitore k\u00f6nnen dazu f\u00fchren, dass die Farbe des Produkts auf dem Bild leicht von dem tats\u00e4chlichen Produkt abweicht.<\/li>\n<li>Bitte <a href=\"https:\/\/fayshing.com\/de-de\/contact-us\/\">kontaktiere uns<\/a> \u00dcberpr\u00fcfen Sie unsere Produktgr\u00f6\u00dfen sorgf\u00e4ltig und lesen Sie die Gr\u00f6\u00dfenbeschreibungen der Produkte vor dem Kauf, um m\u00f6glicherweise unangenehme Einkaufserlebnisse zu vermeiden.<\/li>\n<\/ul>","protected":false},"excerpt":{"rendered":"<ul>\n<li>Seite: 26,5 \u00d7 21 mm \/ 1,04 \u00d7 0,83 Zoll<\/li>\n<li>Material: Eisen<\/li>\n<li>Chrom: Chrom \/ Gold \/ Schwarz<\/li>\n<li>90 Grad<\/li>\n<\/ul>","protected":false},"featured_media":2016,"comment_status":"open","ping_status":"closed","template":"","meta":{"_acf_changed":false},"product_brand":[],"product_cat":[114,130],"product_tag":[],"class_list":{"0":"post-2033","1":"product","2":"type-product","3":"status-publish","4":"has-post-thumbnail","6":"product_cat-hinges-lid-stays","7":"product_cat-plum-shaped-hinges","8":"description-off","10":"first","11":"instock","12":"shipping-taxable","13":"product-type-simple"},"acf":[],"_links":{"self":[{"href":"https:\/\/fayshing.com\/de-de\/wp-json\/wp\/v2\/product\/2033","targetHints":{"allow":["GET"]}}],"collection":[{"href":"https:\/\/fayshing.com\/de-de\/wp-json\/wp\/v2\/product"}],"about":[{"href":"https:\/\/fayshing.com\/de-de\/wp-json\/wp\/v2\/types\/product"}],"replies":[{"embeddable":true,"href":"https:\/\/fayshing.com\/de-de\/wp-json\/wp\/v2\/comments?post=2033"}],"wp:featuredmedia":[{"embeddable":true,"href":"https:\/\/fayshing.com\/de-de\/wp-json\/wp\/v2\/media\/2016"}],"wp:attachment":[{"href":"https:\/\/fayshing.com\/de-de\/wp-json\/wp\/v2\/media?parent=2033"}],"wp:term":[{"taxonomy":"product_brand","embeddable":true,"href":"https:\/\/fayshing.com\/de-de\/wp-json\/wp\/v2\/product_brand?post=2033"},{"taxonomy":"product_cat","embeddable":true,"href":"https:\/\/fayshing.com\/de-de\/wp-json\/wp\/v2\/product_cat?post=2033"},{"taxonomy":"product_tag","embeddable":true,"href":"https:\/\/fayshing.com\/de-de\/wp-json\/wp\/v2\/product_tag?post=2033"}],"curies":[{"name":"wp","href":"https:\/\/api.w.org\/{rel}","templated":true}]}}