{"id":1967,"date":"2022-04-18T17:30:52","date_gmt":"2022-04-18T09:30:52","guid":{"rendered":"http:\/\/fayshing.com\/index.php\/product\/fayshing-medium-stackable-ball-corner-for-flight-case-fs3132\/"},"modified":"2025-01-14T11:14:06","modified_gmt":"2025-01-14T03:14:06","slug":"fayshing-medium-stackable-ball-corner-for-flight-case-fs3132","status":"publish","type":"product","link":"https:\/\/fayshing.com\/de-de\/product\/fayshing-medium-stackable-ball-corner-for-flight-case-fs3132\/","title":{"rendered":"Fayshing mittelgro\u00dfe stapelbare Kugelecke f\u00fcr Flightcase FS3132"},"content":{"rendered":"<p><strong>Fayshing mittelgro\u00dfe stapelbare Kugelecke f\u00fcr Flightcase FS3132<\/strong><\/p>\n<p>Breite Anwendung: Weit verbreitet in verschiedenen Arten von Flugkoffern, Musikkoffern, Milit\u00e4rkoffern, Stra\u00dfenkoffern, Werkzeugkoffern, Holzkoffern, etc.<\/p>\n<hr \/>\n<p><strong>Beschreibung :<\/strong><\/p>\n<ul>\n<li>Die Kugelecken sind aus kaltem Blech gefertigt, das nicht leicht rostet, wenn es dem Regen ausgesetzt ist, eine hohe H\u00e4rte aufweist, sich nicht leicht verformt und korrosionsbest\u00e4ndig ist.<\/li>\n<li>Die Kugelform sch\u00fctzt die Ecken des Koffers vor Besch\u00e4digungen, wenn er auf andere Gegenst\u00e4nde trifft, und verhindert auch, dass die Ecken des Koffers Menschen verletzen.<\/li>\n<\/ul>\n<hr \/>\n<p><strong>Notiz :<\/strong><\/p>\n<ul>\n<li>Er hat eine flache Seite, wodurch sich der Koffer leicht stapeln l\u00e4sst.<\/li>\n<li>Aufgrund der manuellen Messung, erlauben Sie eine Abweichung von 1 - 3mm.<\/li>\n<li>?Bitte kontaktieren Sie uns, \u00fcberpr\u00fcfen Sie unsere Produktgr\u00f6\u00dfe sorgf\u00e4ltig und lesen Sie die Produktgr\u00f6\u00dfenbeschreibungen vor dem Kauf, um m\u00f6glicherweise unangenehme Einkaufserlebnisse zu vermeiden.<\/li>\n<\/ul>","protected":false},"excerpt":{"rendered":"<p>Die mittelgro\u00dfe stapelbare Kugelecke von Fayshing ist ideal f\u00fcr die Montage an mittelgro\u00dfen Koffern wie Roadcases und Cable Flightcases.<\/p>","protected":false},"featured_media":1922,"comment_status":"open","ping_status":"closed","template":"","meta":{"_acf_changed":false},"product_brand":[],"product_cat":[109,126],"product_tag":[],"class_list":{"0":"post-1967","1":"product","2":"type-product","3":"status-publish","4":"has-post-thumbnail","6":"product_cat-case-corners","7":"product_cat-ball-corners","8":"description-off","10":"first","11":"instock","12":"shipping-taxable","13":"product-type-simple"},"acf":[],"_links":{"self":[{"href":"https:\/\/fayshing.com\/de-de\/wp-json\/wp\/v2\/product\/1967","targetHints":{"allow":["GET"]}}],"collection":[{"href":"https:\/\/fayshing.com\/de-de\/wp-json\/wp\/v2\/product"}],"about":[{"href":"https:\/\/fayshing.com\/de-de\/wp-json\/wp\/v2\/types\/product"}],"replies":[{"embeddable":true,"href":"https:\/\/fayshing.com\/de-de\/wp-json\/wp\/v2\/comments?post=1967"}],"wp:featuredmedia":[{"embeddable":true,"href":"https:\/\/fayshing.com\/de-de\/wp-json\/wp\/v2\/media\/1922"}],"wp:attachment":[{"href":"https:\/\/fayshing.com\/de-de\/wp-json\/wp\/v2\/media?parent=1967"}],"wp:term":[{"taxonomy":"product_brand","embeddable":true,"href":"https:\/\/fayshing.com\/de-de\/wp-json\/wp\/v2\/product_brand?post=1967"},{"taxonomy":"product_cat","embeddable":true,"href":"https:\/\/fayshing.com\/de-de\/wp-json\/wp\/v2\/product_cat?post=1967"},{"taxonomy":"product_tag","embeddable":true,"href":"https:\/\/fayshing.com\/de-de\/wp-json\/wp\/v2\/product_tag?post=1967"}],"curies":[{"name":"wp","href":"https:\/\/api.w.org\/{rel}","templated":true}]}}