{"id":1964,"date":"2022-04-18T17:30:52","date_gmt":"2022-04-18T09:30:52","guid":{"rendered":"http:\/\/fayshing.com\/index.php\/product\/fayshing-large-6-holes-ball-corner-for-flight-case-fs3137\/"},"modified":"2025-08-08T14:02:24","modified_gmt":"2025-08-08T06:02:24","slug":"fayshing-large-6-holes-ball-corner-for-flight-case-fs3137","status":"publish","type":"product","link":"https:\/\/fayshing.com\/de-de\/product\/fayshing-large-6-holes-ball-corner-for-flight-case-fs3137\/","title":{"rendered":"Fayshing gro\u00dfe 6-Loch-Kugelecke f\u00fcr Flightcase FS3137"},"content":{"rendered":"<p><strong>Fayshing gro\u00dfe Kugelecke f\u00fcr Flightcase FS3135<\/strong><\/p>\n<p>Breite Anwendung: Weit verbreitet in verschiedenen Arten von Flugkoffern, Musikkoffern, Milit\u00e4rkoffern, Stra\u00dfenkoffern, Werkzeugkoffern, Holzkoffern, etc.<\/p>\n<hr \/>\n<p><strong>Beschreibung :<\/strong><\/p>\n<ul>\n<li>Die Kugelecken sind aus kaltem Blech gefertigt, das nicht leicht rostet, wenn es dem Regen ausgesetzt ist, eine hohe H\u00e4rte aufweist, sich nicht leicht verformt und korrosionsbest\u00e4ndig ist.<\/li>\n<li>Die Kugelform sch\u00fctzt die Ecken des Koffers vor Besch\u00e4digungen, wenn er auf andere Gegenst\u00e4nde trifft, und verhindert auch, dass die Ecken des Koffers Menschen verletzen.<\/li>\n<\/ul>\n<hr \/>\n<p><strong>Notiz :<\/strong><\/p>\n<ul>\n<li>Aufgrund manueller Messung ist eine Abweichung von 1\u20132\u00a0mm m\u00f6glich.<\/li>\n<li>?Bitte kontaktieren Sie uns, \u00fcberpr\u00fcfen Sie unsere Produktgr\u00f6\u00dfe sorgf\u00e4ltig und lesen Sie die Produktgr\u00f6\u00dfenbeschreibungen vor dem Kauf, um m\u00f6glicherweise unangenehme Einkaufserlebnisse zu vermeiden.<\/li>\n<\/ul>","protected":false},"excerpt":{"rendered":"<p>Die gro\u00dfe Kugelecke von Fayshing ist ideal f\u00fcr die Montage an gr\u00f6\u00dferen Koffern wie Roadcases und Cable Flightcases.<\/p>","protected":false},"featured_media":1919,"comment_status":"open","ping_status":"closed","template":"","meta":{"_acf_changed":false},"product_brand":[],"product_cat":[109,126],"product_tag":[],"class_list":{"0":"post-1964","1":"product","2":"type-product","3":"status-publish","4":"has-post-thumbnail","6":"product_cat-case-corners","7":"product_cat-ball-corners","8":"description-off","10":"first","11":"instock","12":"shipping-taxable","13":"product-type-simple"},"acf":[],"_links":{"self":[{"href":"https:\/\/fayshing.com\/de-de\/wp-json\/wp\/v2\/product\/1964","targetHints":{"allow":["GET"]}}],"collection":[{"href":"https:\/\/fayshing.com\/de-de\/wp-json\/wp\/v2\/product"}],"about":[{"href":"https:\/\/fayshing.com\/de-de\/wp-json\/wp\/v2\/types\/product"}],"replies":[{"embeddable":true,"href":"https:\/\/fayshing.com\/de-de\/wp-json\/wp\/v2\/comments?post=1964"}],"wp:featuredmedia":[{"embeddable":true,"href":"https:\/\/fayshing.com\/de-de\/wp-json\/wp\/v2\/media\/1919"}],"wp:attachment":[{"href":"https:\/\/fayshing.com\/de-de\/wp-json\/wp\/v2\/media?parent=1964"}],"wp:term":[{"taxonomy":"product_brand","embeddable":true,"href":"https:\/\/fayshing.com\/de-de\/wp-json\/wp\/v2\/product_brand?post=1964"},{"taxonomy":"product_cat","embeddable":true,"href":"https:\/\/fayshing.com\/de-de\/wp-json\/wp\/v2\/product_cat?post=1964"},{"taxonomy":"product_tag","embeddable":true,"href":"https:\/\/fayshing.com\/de-de\/wp-json\/wp\/v2\/product_tag?post=1964"}],"curies":[{"name":"wp","href":"https:\/\/api.w.org\/{rel}","templated":true}]}}