{"id":1668,"date":"2022-04-15T09:25:07","date_gmt":"2022-04-15T01:25:07","guid":{"rendered":"http:\/\/fayshing.com\/?post_type=product&#038;p=1668"},"modified":"2025-06-13T15:19:14","modified_gmt":"2025-06-13T07:19:14","slug":"plastic-black-briefcase-handle-fs2078","status":"publish","type":"product","link":"https:\/\/fayshing.com\/de-de\/product\/plastic-black-briefcase-handle-fs2078\/","title":{"rendered":"160 \u00d7 64 mm Schwarzer Kunststoffgriff f\u00fcr Aktenkoffer FS2083"},"content":{"rendered":"<p><strong>Schwarzer Aktenkoffer mit Drehgriff<\/strong><\/p>\n<p>Schwarzer Kunststoff-Drehgriff. Komfortabler konturierter Griff. Exakte Nachbildung eines ledergen\u00e4hten Griffs. Ideal f\u00fcr Aktentaschen, Gitarrenkoffer, Gep\u00e4ckst\u00fccke usw.<\/p>\n<hr \/>\n<p><strong>Beschreibung :<\/strong><\/p>\n<ul>\n<li>Schwarzer drehbarer Kunststoffgriff;<\/li>\n<li>Komfortabler konturierter Griff;<\/li>\n<li>Exakte Nachbildung eines ledergen\u00e4hten Griffs;<\/li>\n<li>Ideal f\u00fcr Aktentaschen, Gitarrenkoffer, Gep\u00e4ckst\u00fccke usw.<\/li>\n<\/ul>\n<p>&nbsp;<\/p>","protected":false},"excerpt":{"rendered":"<ul>\n<li>Aktenkoffer-Drehgriff mit Chrombeschl\u00e4gen<\/li>\n<li>FS2083<\/li>\n<li>160 \u00d7 64 mm<\/li>\n<li>Kunststoff, Legierung<\/li>\n<li>Schwarz + Chrom<\/li>\n<\/ul>","protected":false},"featured_media":1669,"comment_status":"open","ping_status":"closed","template":"","meta":{"_acf_changed":false},"product_brand":[],"product_cat":[108,123],"product_tag":[],"class_list":{"0":"post-1668","1":"product","2":"type-product","3":"status-publish","4":"has-post-thumbnail","6":"product_cat-handles","7":"product_cat-briefcase-handles","8":"pa_material-plastic","9":"pa_surface-treatment-black","10":"pa_surface-treatment-chrome","11":"description-off","13":"first","14":"instock","15":"shipping-taxable","16":"product-type-simple"},"acf":[],"_links":{"self":[{"href":"https:\/\/fayshing.com\/de-de\/wp-json\/wp\/v2\/product\/1668","targetHints":{"allow":["GET"]}}],"collection":[{"href":"https:\/\/fayshing.com\/de-de\/wp-json\/wp\/v2\/product"}],"about":[{"href":"https:\/\/fayshing.com\/de-de\/wp-json\/wp\/v2\/types\/product"}],"replies":[{"embeddable":true,"href":"https:\/\/fayshing.com\/de-de\/wp-json\/wp\/v2\/comments?post=1668"}],"wp:featuredmedia":[{"embeddable":true,"href":"https:\/\/fayshing.com\/de-de\/wp-json\/wp\/v2\/media\/1669"}],"wp:attachment":[{"href":"https:\/\/fayshing.com\/de-de\/wp-json\/wp\/v2\/media?parent=1668"}],"wp:term":[{"taxonomy":"product_brand","embeddable":true,"href":"https:\/\/fayshing.com\/de-de\/wp-json\/wp\/v2\/product_brand?post=1668"},{"taxonomy":"product_cat","embeddable":true,"href":"https:\/\/fayshing.com\/de-de\/wp-json\/wp\/v2\/product_cat?post=1668"},{"taxonomy":"product_tag","embeddable":true,"href":"https:\/\/fayshing.com\/de-de\/wp-json\/wp\/v2\/product_tag?post=1668"}],"curies":[{"name":"wp","href":"https:\/\/api.w.org\/{rel}","templated":true}]}}