{"id":1662,"date":"2022-04-15T09:01:51","date_gmt":"2022-04-15T01:01:51","guid":{"rendered":"http:\/\/fayshing.com\/?post_type=product&#038;p=1662"},"modified":"2025-06-06T15:23:30","modified_gmt":"2025-06-06T07:23:30","slug":"heavy-duty-medium-recessed-handle-fs2065","status":"publish","type":"product","link":"https:\/\/fayshing.com\/de-de\/product\/heavy-duty-medium-recessed-handle-fs2065\/","title":{"rendered":"Robuster, mittelgro\u00dfer versenkter Griff FS2065"},"content":{"rendered":"<p><strong>Versenkter Klappgriff f\u00fcr Flightcase (mittel) \u2013 Flightcase-Teile<\/strong><\/p>\n<p>Dabei handelt es sich um eine einteilige federbelastete Baugruppe, die ohne Aussparung an der Au\u00dfenfl\u00e4che des Koffers befestigt werden kann und ein bequemes Tragen der Koffer erm\u00f6glicht.<\/p>\n<hr \/>\n<p>Beschreibung :<\/p>\n<ul>\n<li>Versenkte Platte erm\u00f6glicht b\u00fcndige Montage des Griffs;<\/li>\n<li>B\u00fcgel mit 1\/4 Zoll Durchmesser stoppt bei 90 Grad;<\/li>\n<li>Der B\u00fcgel springt bei Nichtgebrauch in die flache Position zur\u00fcck;<\/li>\n<li>Langlebiges schwarzes Finish mit vollst\u00e4ndig vorlackierten Oberfl\u00e4chen, um Rost zu verhindern;<\/li>\n<li>Gepolsterter Griff mit 3\/4\u2033 Durchmesser<\/li>\n<\/ul>\n<hr \/>\n<p>\u00dcber diesen Artikel<\/p>\n<ul>\n<li>\u00a7 \u3010Sto\u00dffestes Design\u3011 Klappbarer Kistengriff mit eingebauter starker R\u00fcckholfeder, der automatisch zur\u00fcckfedert, um ein Klappern des h\u00e4ngenden Griffs w\u00e4hrend des Transports zu verhindern. Robuste Konstruktion und langlebige Feder gew\u00e4hrleisten eine langfristige Nutzung.<\/li>\n<li>\u00a7 \u3010Sicherer und bequemer Griff\u3011 Die schwarze Gummigriffh\u00fclse ist isoliert und kann Ihre Hand vor Verletzungen sch\u00fctzen. Dicke Hebel und Sockel machen es haltbarer und langlebiger.<\/li>\n<li>\u00a7 \u3010Breites Einsatzspektrum\u3011 Sie erhalten 2 St\u00fcck Edelstahl-Koffergriffe, die h\u00e4ufig in verschiedenen Arten von Verpackungsboxen, Aluminium-Kistengriffringen, mechanischen Seitengriffen, Werkzeugkistengriffen, Milit\u00e4rkistengriffen, verschiedenen Flugkoffern usw. verwendet werden.<\/li>\n<\/ul>\n<p><iframe title=\"Flight Case Griffe Vitrine | Heavy-Duty &amp; anpassbar\" width=\"1200\" height=\"675\" src=\"https:\/\/www.youtube.com\/embed\/HTukBWi6wi0?feature=oembed&#038;enablejsapi=1&#038;origin=https:\/\/fayshing.com\" frameborder=\"0\" allow=\"accelerometer; autoplay; clipboard-write; encrypted-media; gyroscope; picture-in-picture; web-share\" referrerpolicy=\"strict-origin-when-cross-origin\" allowfullscreen><\/iframe><\/p>","protected":false},"excerpt":{"rendered":"<ul>\n<li>8mm Medium Heavy Duty Medium Versenkter Griff<\/li>\n<li>Stahl<\/li>\n<li>162 \u00d7 108 mm<\/li>\n<li>Der Griff ist aus schwarzem Gummi<\/li>\n<li>10 Befestigungsl\u00f6cher<\/li>\n<li>Chrom \/ Schwarz \/ Blaues Zink<\/li>\n<\/ul>","protected":false},"featured_media":6226,"comment_status":"open","ping_status":"closed","template":"","meta":{"_acf_changed":false},"product_brand":[],"product_cat":[108,120],"product_tag":[],"class_list":{"0":"post-1662","1":"product","2":"type-product","3":"status-publish","4":"has-post-thumbnail","6":"product_cat-handles","7":"product_cat-recessed-handles","8":"pa_material-steel","9":"pa_surface-treatment-black","10":"pa_surface-treatment-blue-zinc","11":"pa_surface-treatment-chrome","12":"description-off","14":"first","15":"instock","16":"shipping-taxable","17":"product-type-simple"},"acf":[],"_links":{"self":[{"href":"https:\/\/fayshing.com\/de-de\/wp-json\/wp\/v2\/product\/1662","targetHints":{"allow":["GET"]}}],"collection":[{"href":"https:\/\/fayshing.com\/de-de\/wp-json\/wp\/v2\/product"}],"about":[{"href":"https:\/\/fayshing.com\/de-de\/wp-json\/wp\/v2\/types\/product"}],"replies":[{"embeddable":true,"href":"https:\/\/fayshing.com\/de-de\/wp-json\/wp\/v2\/comments?post=1662"}],"wp:featuredmedia":[{"embeddable":true,"href":"https:\/\/fayshing.com\/de-de\/wp-json\/wp\/v2\/media\/6226"}],"wp:attachment":[{"href":"https:\/\/fayshing.com\/de-de\/wp-json\/wp\/v2\/media?parent=1662"}],"wp:term":[{"taxonomy":"product_brand","embeddable":true,"href":"https:\/\/fayshing.com\/de-de\/wp-json\/wp\/v2\/product_brand?post=1662"},{"taxonomy":"product_cat","embeddable":true,"href":"https:\/\/fayshing.com\/de-de\/wp-json\/wp\/v2\/product_cat?post=1662"},{"taxonomy":"product_tag","embeddable":true,"href":"https:\/\/fayshing.com\/de-de\/wp-json\/wp\/v2\/product_tag?post=1662"}],"curies":[{"name":"wp","href":"https:\/\/api.w.org\/{rel}","templated":true}]}}