{"id":1489,"date":"2022-04-13T11:12:02","date_gmt":"2022-04-13T03:12:02","guid":{"rendered":"http:\/\/fayshing.com\/?post_type=product&#038;p=1489"},"modified":"2025-01-06T10:39:12","modified_gmt":"2025-01-06T02:39:12","slug":"fayshing-100mm-4-blue-swivel-braked-castor","status":"publish","type":"product","link":"https:\/\/fayshing.com\/de-de\/product\/fayshing-100mm-4-blue-swivel-braked-castor\/","title":{"rendered":"FAYSHING 100mm \/ 4\u2033 Blaue Lenkrolle mit Bremse"},"content":{"rendered":"<p><strong>Breite Anwendung:<\/strong> weit verbreitet im Innen- und Au\u00dfenbereich, f\u00fcr Wagen, Werkb\u00e4nke, M\u00f6bel, Regale und andere Gegenst\u00e4nde, die h\u00e4ufig in Werkst\u00e4tten, Garagen, K\u00fcchen, B\u00fcros usw. zu finden sind.<\/p>\n<p><strong>Hochbelastbar und doppelt kugelgelagert:<\/strong> Unsere 4-Zoll-Schwerlast-Drehgelenkrollen k\u00f6nnen 200 kg tragen und sind doppelt gelagert.<\/p>\n<p><strong>Doppelte Bremse:<\/strong> Unsere Lenkrollen mit oberer Platte haben eine doppelte Bremse, sie k\u00f6nnen die Drehrichtung der unteren Platte und die Richtung des Rades nach vorne bremsen, was einfach zu bedienen ist.<\/p>\n<p><strong>Schweigen:<\/strong> Ger\u00e4uscharm, leicht zu schieben, hohe Tragf\u00e4higkeit.<\/p>","protected":false},"excerpt":{"rendered":"<div id=\"featurebullets_feature_div\" class=\"celwidget\" data-feature-name=\"featurebullets\" data-csa-c-type=\"widget\" data-csa-c-slot-id=\"ppd-center.45\" data-csa-c-component=\"featurebullets\" data-csa-c-cs-type=\"DETAIL_PAGE_DYNAMIC\" data-csa-c-id=\"pgspij-tua38n-9t9jxk-aa4v6l\" data-cel-widget=\"featurebullets_feature_div\">\n<div id=\"feature-bullets\" class=\"a-section a-spacing-medium a-spacing-top-small\">\n<p><span class=\"a-list-item\">Leicht zu schieben, kein L\u00e4rm, spart Energie, besch\u00e4digt den Boden nicht, hinterl\u00e4sst keine Spuren, starke Tragf\u00e4higkeit.<\/span><\/p>\n<\/div>\n<\/div>\n<div id=\"provenanceCertifications_feature_div\" class=\"celwidget\" data-feature-name=\"provenanceCertifications\" data-csa-c-type=\"widget\" data-csa-c-slot-id=\"ppd-center.46\" data-csa-c-component=\"provenanceCertifications\" data-csa-c-cs-type=\"DETAIL_PAGE_DYNAMIC\" data-csa-c-id=\"x9bkdg-u39vuk-v9d25n-yrb2ny\" data-cel-widget=\"provenanceCertifications_feature_div\"><\/div>\n<div id=\"serviceCapabilities_feature_div\" class=\"celwidget\" data-feature-name=\"serviceCapabilities\" data-csa-c-type=\"widget\" data-csa-c-slot-id=\"ppd-center.47\" data-csa-c-component=\"serviceCapabilities\" data-csa-c-cs-type=\"DETAIL_PAGE_DYNAMIC\" data-csa-c-id=\"s6vsnm-3aadd2-tpjj06-gh3vwo\" data-cel-widget=\"serviceCapabilities_feature_div\"><\/div>","protected":false},"featured_media":1490,"comment_status":"open","ping_status":"closed","template":"","meta":{"_acf_changed":false},"product_brand":[],"product_cat":[112],"product_tag":[],"class_list":{"0":"post-1489","1":"product","2":"type-product","3":"status-publish","4":"has-post-thumbnail","6":"product_cat-castor-wheel","7":"pa_application-flight-case","8":"pa_application-road-case","9":"pa_delivery-time-please-contact-sales-staff","10":"pa_material-stainless-steel","11":"pa_surface-treatment-blue-zinc","12":"description-off","14":"first","15":"instock","16":"featured","17":"shipping-taxable","18":"product-type-simple"},"acf":[],"_links":{"self":[{"href":"https:\/\/fayshing.com\/de-de\/wp-json\/wp\/v2\/product\/1489","targetHints":{"allow":["GET"]}}],"collection":[{"href":"https:\/\/fayshing.com\/de-de\/wp-json\/wp\/v2\/product"}],"about":[{"href":"https:\/\/fayshing.com\/de-de\/wp-json\/wp\/v2\/types\/product"}],"replies":[{"embeddable":true,"href":"https:\/\/fayshing.com\/de-de\/wp-json\/wp\/v2\/comments?post=1489"}],"wp:featuredmedia":[{"embeddable":true,"href":"https:\/\/fayshing.com\/de-de\/wp-json\/wp\/v2\/media\/1490"}],"wp:attachment":[{"href":"https:\/\/fayshing.com\/de-de\/wp-json\/wp\/v2\/media?parent=1489"}],"wp:term":[{"taxonomy":"product_brand","embeddable":true,"href":"https:\/\/fayshing.com\/de-de\/wp-json\/wp\/v2\/product_brand?post=1489"},{"taxonomy":"product_cat","embeddable":true,"href":"https:\/\/fayshing.com\/de-de\/wp-json\/wp\/v2\/product_cat?post=1489"},{"taxonomy":"product_tag","embeddable":true,"href":"https:\/\/fayshing.com\/de-de\/wp-json\/wp\/v2\/product_tag?post=1489"}],"curies":[{"name":"wp","href":"https:\/\/api.w.org\/{rel}","templated":true}]}}