{"id":1482,"date":"2022-04-13T10:12:17","date_gmt":"2022-04-13T02:12:17","guid":{"rendered":"http:\/\/fayshing.com\/?post_type=product&#038;p=1482"},"modified":"2024-03-12T15:15:47","modified_gmt":"2024-03-12T07:15:47","slug":"fayshing-hinge-strut-chrome-88mm-49mm-fs5100","status":"publish","type":"product","link":"https:\/\/fayshing.com\/de-de\/product\/fayshing-hinge-strut-chrome-88mm-49mm-fs5100\/","title":{"rendered":"FAYSHING Scharnierstrebe, Chrom, 88 mm x 49 mm, FS5100"},"content":{"rendered":"<p>\u3010<strong>Material<\/strong>\u3011Dieser Brustgriff ist aus hochwertigem verzinktem Eisen mit besserer Rostbest\u00e4ndigkeit, Anti-Korrosion, langlebig.<br \/>\n\u3010<strong>Einfach zu installieren<\/strong>\u30118 L\u00f6cher Design f\u00fcr einfache Installation. Aufgesetzter Truhengriff f\u00fcr den Einsatz an Truhen, Kisten und Lagerboxen.<br \/>\n\u3010<strong>Breite Anwendung<\/strong>\u3011Das Federbeinscharnier ist geeignet f\u00fcr Luftkasten, Werkzeugkasten, Aluminiumkasten, Fahrgestell, Gep\u00e4ck, etc.<\/p>\n<hr \/>\n<p><strong>Merkmal:<\/strong><br \/>\n1. aus Eisen Chrom, Anti-Korrosion, kein Rost, langlebig.<br \/>\n2. die Strebe Scharnier ist geeignet f\u00fcr Luft-Box, Werkzeugkasten, Aluminium-Box, Fahrwerk, Gep\u00e4ck, etc.<br \/>\n3. zur Sicherung von kleinen T\u00fcren, Schr\u00e4nken, Werkzeugk\u00e4sten, Schlie\u00dff\u00e4chern, Angeln Fort und Angelkasten etc.<\/p>\n<hr \/>\n<p><strong>Anmerkung:<\/strong><br \/>\n1. bitte erlauben Sie 1-10mm Fehler wegen der manuellen Messung.<br \/>\n2. die Farbe kann unterschiedlich sein, da der Unterschied Display, pls verstehen.<\/p>","protected":false},"excerpt":{"rendered":"<p>8 Loch Scharnierstrebe Chrom f\u00fcr Flightcase.<\/p>","protected":false},"featured_media":1483,"comment_status":"open","ping_status":"closed","template":"","meta":{"_acf_changed":false},"product_brand":[],"product_cat":[114],"product_tag":[],"class_list":{"0":"post-1482","1":"product","2":"type-product","3":"status-publish","4":"has-post-thumbnail","6":"product_cat-hinges-lid-stays","7":"pa_application-flight-case","8":"pa_application-military-box","9":"pa_application-mixer-box","10":"pa_application-road-case","11":"pa_delivery-time-please-contact-sales-staff","12":"pa_material-electrolytic-plate","13":"pa_material-iron","14":"pa_material-stainless-steel","15":"pa_surface-treatment-blue-zinc","16":"pa_surface-treatment-chrome","17":"description-off","19":"first","20":"instock","21":"featured","22":"shipping-taxable","23":"product-type-simple"},"acf":[],"_links":{"self":[{"href":"https:\/\/fayshing.com\/de-de\/wp-json\/wp\/v2\/product\/1482","targetHints":{"allow":["GET"]}}],"collection":[{"href":"https:\/\/fayshing.com\/de-de\/wp-json\/wp\/v2\/product"}],"about":[{"href":"https:\/\/fayshing.com\/de-de\/wp-json\/wp\/v2\/types\/product"}],"replies":[{"embeddable":true,"href":"https:\/\/fayshing.com\/de-de\/wp-json\/wp\/v2\/comments?post=1482"}],"wp:featuredmedia":[{"embeddable":true,"href":"https:\/\/fayshing.com\/de-de\/wp-json\/wp\/v2\/media\/1483"}],"wp:attachment":[{"href":"https:\/\/fayshing.com\/de-de\/wp-json\/wp\/v2\/media?parent=1482"}],"wp:term":[{"taxonomy":"product_brand","embeddable":true,"href":"https:\/\/fayshing.com\/de-de\/wp-json\/wp\/v2\/product_brand?post=1482"},{"taxonomy":"product_cat","embeddable":true,"href":"https:\/\/fayshing.com\/de-de\/wp-json\/wp\/v2\/product_cat?post=1482"},{"taxonomy":"product_tag","embeddable":true,"href":"https:\/\/fayshing.com\/de-de\/wp-json\/wp\/v2\/product_tag?post=1482"}],"curies":[{"name":"wp","href":"https:\/\/api.w.org\/{rel}","templated":true}]}}