{"id":1469,"date":"2022-04-13T09:11:15","date_gmt":"2022-04-13T01:11:15","guid":{"rendered":"http:\/\/fayshing.com\/?post_type=product&#038;p=1469"},"modified":"2025-02-12T11:43:05","modified_gmt":"2025-02-12T03:43:05","slug":"small-surface-mount-handle-for-flight-case-handle","status":"publish","type":"product","link":"https:\/\/fayshing.com\/de-de\/product\/small-surface-mount-handle-for-flight-case-handle\/","title":{"rendered":"Kleiner Oberfl\u00e4chenmontagegriff f\u00fcr Flightcase-Griff"},"content":{"rendered":"<p>Dabei handelt es sich um eine einteilige federbelastete Baugruppe, die ohne Aussparung an der Au\u00dfenfl\u00e4che des Koffers befestigt werden kann und ein bequemes Tragen der Koffer erm\u00f6glicht.<\/p>\n<hr \/>\n<p><strong>Beschreibung :<\/strong><\/p>\n<ol>\n<li style=\"text-align: left;\">Oberfl\u00e4chenmontage, mit R\u00fcckwand;<\/li>\n<li style=\"text-align: left;\">\u00a0B\u00fcgel mit 1\/4 Zoll Durchmesser stoppt bei 90 Grad;<\/li>\n<li style=\"text-align: left;\">Der B\u00fcgel springt bei Nichtgebrauch in die flache Position zur\u00fcck;<\/li>\n<li style=\"text-align: left;\">\u00a03\/4\u2033 Durchmesser gepolsterter Griff;<\/li>\n<\/ol>\n<hr \/>\n<p><strong>\u00dcber diesen Artikel:<\/strong><\/p>\n<p>\u3010 <strong>Sicherer und bequemer Griff<\/strong>\u3011 Schwarze Gummigriffh\u00fclse ist isoliert und kann Ihre Hand vor Verletzungen sch\u00fctzen. Dicke Hebel und Basen machen es haltbar und langlebig.<\/p>\n<p>\u3010<strong>Breiter Einsatzbereich<\/strong>\u3011 Sie erhalten 2 St\u00fcck Edelstahlkistengriffe, die in verschiedenen Arten von Verpackungskisten, Aluminiumkistengriffringen, mechanischen Seitengriffen, Werkzeugkistengriffen, Milit\u00e4rkistengriffen, verschiedenen Flugkisten usw. weit verbreitet sind.<\/p>\n<p>&nbsp;<\/p>\n<p><iframe title=\"Flight Case Griffe Vitrine | Heavy-Duty &amp; anpassbar\" width=\"1200\" height=\"675\" src=\"https:\/\/www.youtube.com\/embed\/HTukBWi6wi0?feature=oembed\" frameborder=\"0\" allow=\"accelerometer; autoplay; clipboard-write; encrypted-media; gyroscope; picture-in-picture; web-share\" referrerpolicy=\"strict-origin-when-cross-origin\" allowfullscreen><\/iframe><\/p>","protected":false},"excerpt":{"rendered":"<p>Dabei handelt es sich um eine einteilige federbelastete Baugruppe, die ohne Aussparung an der Au\u00dfenfl\u00e4che des Koffers befestigt werden kann und ein bequemes Tragen der Koffer erm\u00f6glicht.<\/p>","protected":false},"featured_media":1470,"comment_status":"open","ping_status":"closed","template":"","meta":{"_acf_changed":false},"product_brand":[],"product_cat":[108,121],"product_tag":[],"class_list":{"0":"post-1469","1":"product","2":"type-product","3":"status-publish","4":"has-post-thumbnail","6":"product_cat-handles","7":"product_cat-surface-handles","8":"pa_application-aluminum-case","9":"pa_application-equipment-case","10":"pa_application-flight-case","11":"pa_application-road-case","12":"pa_material-electrolytic-plate","13":"pa_material-iron","14":"pa_material-stainless-steel","15":"pa_surface-treatment-blue-zinc","16":"pa_surface-treatment-chrome","17":"description-off","19":"first","20":"instock","21":"featured","22":"shipping-taxable","23":"product-type-simple"},"acf":[],"_links":{"self":[{"href":"https:\/\/fayshing.com\/de-de\/wp-json\/wp\/v2\/product\/1469","targetHints":{"allow":["GET"]}}],"collection":[{"href":"https:\/\/fayshing.com\/de-de\/wp-json\/wp\/v2\/product"}],"about":[{"href":"https:\/\/fayshing.com\/de-de\/wp-json\/wp\/v2\/types\/product"}],"replies":[{"embeddable":true,"href":"https:\/\/fayshing.com\/de-de\/wp-json\/wp\/v2\/comments?post=1469"}],"wp:featuredmedia":[{"embeddable":true,"href":"https:\/\/fayshing.com\/de-de\/wp-json\/wp\/v2\/media\/1470"}],"wp:attachment":[{"href":"https:\/\/fayshing.com\/de-de\/wp-json\/wp\/v2\/media?parent=1469"}],"wp:term":[{"taxonomy":"product_brand","embeddable":true,"href":"https:\/\/fayshing.com\/de-de\/wp-json\/wp\/v2\/product_brand?post=1469"},{"taxonomy":"product_cat","embeddable":true,"href":"https:\/\/fayshing.com\/de-de\/wp-json\/wp\/v2\/product_cat?post=1469"},{"taxonomy":"product_tag","embeddable":true,"href":"https:\/\/fayshing.com\/de-de\/wp-json\/wp\/v2\/product_tag?post=1469"}],"curies":[{"name":"wp","href":"https:\/\/api.w.org\/{rel}","templated":true}]}}